{"id":105,"date":"2018-01-16T08:52:59","date_gmt":"2018-01-16T08:52:59","guid":{"rendered":"https:\/\/hovederne.dk\/?page_id=105"},"modified":"2023-08-07T19:10:16","modified_gmt":"2023-08-07T19:10:16","slug":"perler","status":"publish","type":"page","link":"https:\/\/broderioghobby.dk\/?page_id=105","title":{"rendered":"Fester"},"content":{"rendered":"<p><span style=\"font-family: comic sans ms,sans-serif;\">Skal i have barned\u00e5b, konfirmation, bryllup, rund f\u00f8dselsdag, s\u00f8lvbryllup s\u00e5 skal man da have noget helt unikt.<\/span><\/p>\n<p><span style=\"font-family: comic sans ms,sans-serif;\">Unikke gaver, bordkort, kort mm.&nbsp;<\/span><\/p>\n\n<div class=\"ngg-galleryoverview caption-view  ngg-ajax-pagination-none\"\n\tid=\"ngg-gallery-927131b6f9a3fc621ac9ec873c9c0779-1\">\n\n    <div class=\"ngg-caption-view-wrapper\">\n                                        <div id=\"ngg-image-0\" class=\"ngg-gallery-thumbnail-box ngg-3-columns\" >\n                                                    <div class=\"ngg-gallery-thumbnail\">\n                                <a href=\"https:\/\/broderioghobby.dk\/wp-content\/gallery\/perler\/Glas.jpg\"\n                                   title=\"Glas med stickers\"\n                                   data-src=\"https:\/\/broderioghobby.dk\/wp-content\/gallery\/perler\/Glas.jpg\"\n                                   data-thumbnail=\"https:\/\/broderioghobby.dk\/wp-content\/gallery\/perler\/thumbs\/thumbs_Glas.jpg\"\n                                   data-image-id=\"399\"\n                                   data-title=\"Glas\"\n                                   data-description=\"Glas med stickers\"\n                                   data-image-slug=\"glas\"\n                                    class=\"ngg-fancybox\" rel=\"927131b6f9a3fc621ac9ec873c9c0779\">\n                                    <img title=\"Glas\"\n                                         alt=\"Glas\"\n                                         src=\"https:\/\/broderioghobby.dk\/wp-content\/gallery\/perler\/cache\/Glas.jpg-nggid03399-ngg0dyn-210x160x100-00f0w010c011r110f110r010t010.jpg\"\n                                         width=\"210\"\n                                         height=\"160\"\n                                         style=\"max-width:100%;\"\/>\n                                <\/a>\n                                                                    <span style=\"max-width: 210px\">\n                                        Glas med stickers                                    <\/span>\n                                                            <\/div>\n                                            <\/div>\n                                                <div id=\"ngg-image-1\" class=\"ngg-gallery-thumbnail-box ngg-3-columns\" >\n                                                    <div class=\"ngg-gallery-thumbnail\">\n                                <a href=\"https:\/\/broderioghobby.dk\/wp-content\/gallery\/perler\/20230121_114759-scaled.jpg\"\n                                   title=\"Hjerter med navn, kan fyldes efter \u00f8nske\"\n                                   data-src=\"https:\/\/broderioghobby.dk\/wp-content\/gallery\/perler\/20230121_114759-scaled.jpg\"\n                                   data-thumbnail=\"https:\/\/broderioghobby.dk\/wp-content\/gallery\/perler\/thumbs\/thumbs_20230121_114759-scaled.jpg\"\n                                   data-image-id=\"400\"\n                                   data-title=\"20230121_114759-scaled\"\n                                   data-description=\"Hjerter med navn, kan fyldes efter \u00f8nske\"\n                                   data-image-slug=\"20230121_114759-scaled\"\n                                    class=\"ngg-fancybox\" rel=\"927131b6f9a3fc621ac9ec873c9c0779\">\n                                    <img title=\"20230121_114759-scaled\"\n                                         alt=\"20230121_114759-scaled\"\n                                         src=\"https:\/\/broderioghobby.dk\/wp-content\/gallery\/perler\/cache\/20230121_114759-scaled.jpg-nggid03400-ngg0dyn-210x160x100-00f0w010c011r110f110r010t010.jpg\"\n                                         width=\"210\"\n                                         height=\"160\"\n                                         style=\"max-width:100%;\"\/>\n                                <\/a>\n                                                                    <span style=\"max-width: 210px\">\n                                        Hjerter med navn, kan fyldes efter \u00f8nske                                    <\/span>\n                                                            <\/div>\n                                            <\/div>\n                                                <div id=\"ngg-image-2\" class=\"ngg-gallery-thumbnail-box ngg-3-columns\" >\n                                                    <div class=\"ngg-gallery-thumbnail\">\n                                <a href=\"https:\/\/broderioghobby.dk\/wp-content\/gallery\/perler\/20230624_191136-scaled.jpg\"\n                                   title=\"Hjerter med navn, kan fyldes efter \u00f8nske\"\n                                   data-src=\"https:\/\/broderioghobby.dk\/wp-content\/gallery\/perler\/20230624_191136-scaled.jpg\"\n                                   data-thumbnail=\"https:\/\/broderioghobby.dk\/wp-content\/gallery\/perler\/thumbs\/thumbs_20230624_191136-scaled.jpg\"\n                                   data-image-id=\"401\"\n                                   data-title=\"20230624_191136-scaled\"\n                                   data-description=\"Hjerter med navn, kan fyldes efter \u00f8nske\"\n                                   data-image-slug=\"20230624_191136-scaled\"\n                                    class=\"ngg-fancybox\" rel=\"927131b6f9a3fc621ac9ec873c9c0779\">\n                                    <img title=\"20230624_191136-scaled\"\n                                         alt=\"20230624_191136-scaled\"\n                                         src=\"https:\/\/broderioghobby.dk\/wp-content\/gallery\/perler\/cache\/20230624_191136-scaled.jpg-nggid03401-ngg0dyn-210x160x100-00f0w010c011r110f110r010t010.jpg\"\n                                         width=\"210\"\n                                         height=\"160\"\n                                         style=\"max-width:100%;\"\/>\n                                <\/a>\n                                                                    <span style=\"max-width: 210px\">\n                                        Hjerter med navn, kan fyldes efter \u00f8nske                                    <\/span>\n                                                            <\/div>\n                                            <\/div>\n                                                <div id=\"ngg-image-3\" class=\"ngg-gallery-thumbnail-box ngg-3-columns\" >\n                                                    <div class=\"ngg-gallery-thumbnail\">\n                                <a href=\"https:\/\/broderioghobby.dk\/wp-content\/gallery\/perler\/20210822_135336-scaled.jpg\"\n                                   title=\"Menukort p\u00e5 l\u00e6rred\"\n                                   data-src=\"https:\/\/broderioghobby.dk\/wp-content\/gallery\/perler\/20210822_135336-scaled.jpg\"\n                                   data-thumbnail=\"https:\/\/broderioghobby.dk\/wp-content\/gallery\/perler\/thumbs\/thumbs_20210822_135336-scaled.jpg\"\n                                   data-image-id=\"402\"\n                                   data-title=\"20210822_135336-scaled\"\n                                   data-description=\"Menukort p\u00e5 l\u00e6rred\"\n                                   data-image-slug=\"20210822_135336-scaled-2\"\n                                    class=\"ngg-fancybox\" rel=\"927131b6f9a3fc621ac9ec873c9c0779\">\n                                    <img title=\"20210822_135336-scaled\"\n                                         alt=\"20210822_135336-scaled\"\n                                         src=\"https:\/\/broderioghobby.dk\/wp-content\/gallery\/perler\/cache\/20210822_135336-scaled.jpg-nggid03402-ngg0dyn-210x160x100-00f0w010c011r110f110r010t010.jpg\"\n                                         width=\"210\"\n                                         height=\"160\"\n                                         style=\"max-width:100%;\"\/>\n                                <\/a>\n                                                                    <span style=\"max-width: 210px\">\n                                        Menukort p\u00e5 l\u00e6rred                                    <\/span>\n                                                            <\/div>\n                                            <\/div>\n                                                <div id=\"ngg-image-4\" class=\"ngg-gallery-thumbnail-box ngg-3-columns\" >\n                                                    <div class=\"ngg-gallery-thumbnail\">\n                                <a href=\"https:\/\/broderioghobby.dk\/wp-content\/gallery\/perler\/20230118_180516-scaled.jpg\"\n                                   title=\"Kort p\u00e5 glasplade\"\n                                   data-src=\"https:\/\/broderioghobby.dk\/wp-content\/gallery\/perler\/20230118_180516-scaled.jpg\"\n                                   data-thumbnail=\"https:\/\/broderioghobby.dk\/wp-content\/gallery\/perler\/thumbs\/thumbs_20230118_180516-scaled.jpg\"\n                                   data-image-id=\"403\"\n                                   data-title=\"20230118_180516-scaled\"\n                                   data-description=\"Kort p\u00e5 glasplade\"\n                                   data-image-slug=\"20230118_180516-scaled-1\"\n                                    class=\"ngg-fancybox\" rel=\"927131b6f9a3fc621ac9ec873c9c0779\">\n                                    <img title=\"20230118_180516-scaled\"\n                                         alt=\"20230118_180516-scaled\"\n                                         src=\"https:\/\/broderioghobby.dk\/wp-content\/gallery\/perler\/cache\/20230118_180516-scaled.jpg-nggid03403-ngg0dyn-210x160x100-00f0w010c011r110f110r010t010.jpg\"\n                                         width=\"210\"\n                                         height=\"160\"\n                                         style=\"max-width:100%;\"\/>\n                                <\/a>\n                                                                    <span style=\"max-width: 210px\">\n                                        Kort p\u00e5 glasplade                                    <\/span>\n                                                            <\/div>\n                                            <\/div>\n                                                <div id=\"ngg-image-5\" class=\"ngg-gallery-thumbnail-box ngg-3-columns\" >\n                                                    <div class=\"ngg-gallery-thumbnail\">\n                                <a href=\"https:\/\/broderioghobby.dk\/wp-content\/gallery\/perler\/20230521_143442-scaled.jpg\"\n                                   title=\"Skilt\"\n                                   data-src=\"https:\/\/broderioghobby.dk\/wp-content\/gallery\/perler\/20230521_143442-scaled.jpg\"\n                                   data-thumbnail=\"https:\/\/broderioghobby.dk\/wp-content\/gallery\/perler\/thumbs\/thumbs_20230521_143442-scaled.jpg\"\n                                   data-image-id=\"404\"\n                                   data-title=\"20230521_143442-scaled\"\n                                   data-description=\"Skilt\"\n                                   data-image-slug=\"20230521_143442-scaled-2\"\n                                    class=\"ngg-fancybox\" rel=\"927131b6f9a3fc621ac9ec873c9c0779\">\n                                    <img title=\"20230521_143442-scaled\"\n                                         alt=\"20230521_143442-scaled\"\n                                         src=\"https:\/\/broderioghobby.dk\/wp-content\/gallery\/perler\/cache\/20230521_143442-scaled.jpg-nggid03404-ngg0dyn-210x160x100-00f0w010c011r110f110r010t010.jpg\"\n                                         width=\"210\"\n                                         height=\"160\"\n                                         style=\"max-width:100%;\"\/>\n                                <\/a>\n                                                                    <span style=\"max-width: 210px\">\n                                        Skilt                                    <\/span>\n                                                            <\/div>\n                                            <\/div>\n                                        <\/div>\n\n    \n            <div class='ngg-clear'><\/div>    <\/div>\n\n\n","protected":false},"excerpt":{"rendered":"<p>Skal i have barned\u00e5b, konfirmation, bryllup, rund f\u00f8dselsdag, s\u00f8lvbryllup s\u00e5 skal man da have noget helt unikt. Unikke gaver, bordkort, kort mm.&nbsp;<\/p>\n","protected":false},"author":1,"featured_media":0,"parent":23,"menu_order":2,"comment_status":"closed","ping_status":"closed","template":"","meta":{"ngg_post_thumbnail":0},"_links":{"self":[{"href":"https:\/\/broderioghobby.dk\/index.php?rest_route=\/wp\/v2\/pages\/105"}],"collection":[{"href":"https:\/\/broderioghobby.dk\/index.php?rest_route=\/wp\/v2\/pages"}],"about":[{"href":"https:\/\/broderioghobby.dk\/index.php?rest_route=\/wp\/v2\/types\/page"}],"author":[{"embeddable":true,"href":"https:\/\/broderioghobby.dk\/index.php?rest_route=\/wp\/v2\/users\/1"}],"replies":[{"embeddable":true,"href":"https:\/\/broderioghobby.dk\/index.php?rest_route=%2Fwp%2Fv2%2Fcomments&post=105"}],"version-history":[{"count":21,"href":"https:\/\/broderioghobby.dk\/index.php?rest_route=\/wp\/v2\/pages\/105\/revisions"}],"predecessor-version":[{"id":2111,"href":"https:\/\/broderioghobby.dk\/index.php?rest_route=\/wp\/v2\/pages\/105\/revisions\/2111"}],"up":[{"embeddable":true,"href":"https:\/\/broderioghobby.dk\/index.php?rest_route=\/wp\/v2\/pages\/23"}],"wp:attachment":[{"href":"https:\/\/broderioghobby.dk\/index.php?rest_route=%2Fwp%2Fv2%2Fmedia&parent=105"}],"curies":[{"name":"wp","href":"https:\/\/api.w.org\/{rel}","templated":true}]}}