{"id":1392,"date":"2018-10-03T18:44:20","date_gmt":"2018-10-03T18:44:20","guid":{"rendered":"https:\/\/broderioghobby.dk\/?page_id=1392"},"modified":"2023-08-07T19:28:19","modified_gmt":"2023-08-07T19:28:19","slug":"julekugler","status":"publish","type":"page","link":"https:\/\/broderioghobby.dk\/?page_id=1392","title":{"rendered":"Julekugler"},"content":{"rendered":"<p><span style=\"font-family: 'comic sans ms', sans-serif;\">Glas julekugler med valgfri tekst, stjerner eller hvad der \u00f8nskes.<\/span><\/p>\n<p><span style=\"font-family: 'comic sans ms', sans-serif;\">Kuglerne er i mange forskellige farver, kan variere lidt fra \u00e5r til \u00e5r, men har altid r\u00f8d, s\u00f8lv og guld. Skrift farver: s\u00f8lv, guld, sort, hvid, r\u00f8d, orange, gr\u00f8n, gr\u00e5 og bl\u00e5.<\/span><\/p>\n<p><span style=\"font-family: 'comic sans ms', sans-serif;\">Pris 20 kr. pr styk inklusiv kugle og tekst eller har du dine egne kugler, som skal dekoreres koster sticker 8 kr. pr styk.<\/span><\/p>\n<p><span style=\"font-family: 'comic sans ms', sans-serif;\">Logokugler 20 kr. pr. styk.<\/span><\/p>\n\n<div class=\"ngg-galleryoverview caption-view  ngg-ajax-pagination-none\"\n\tid=\"ngg-gallery-847f789f4fbff044f944108cdfce6356-1\">\n\n    <div class=\"ngg-caption-view-wrapper\">\n                                        <div id=\"ngg-image-0\" class=\"ngg-gallery-thumbnail-box ngg-3-columns\" >\n                                                    <div class=\"ngg-gallery-thumbnail\">\n                                <a href=\"https:\/\/broderioghobby.dk\/wp-content\/gallery\/jule-kugler\/2020-scaled.jpg\"\n                                   title=\"\"\n                                   data-src=\"https:\/\/broderioghobby.dk\/wp-content\/gallery\/jule-kugler\/2020-scaled.jpg\"\n                                   data-thumbnail=\"https:\/\/broderioghobby.dk\/wp-content\/gallery\/jule-kugler\/thumbs\/thumbs_2020-scaled.jpg\"\n                                   data-image-id=\"359\"\n                                   data-title=\"2020-scaled\"\n                                   data-description=\"\"\n                                   data-image-slug=\"2020-scaled\"\n                                    class=\"ngg-fancybox\" rel=\"847f789f4fbff044f944108cdfce6356\">\n                                    <img title=\"2020-scaled\"\n                                         alt=\"2020-scaled\"\n                                         src=\"https:\/\/broderioghobby.dk\/wp-content\/gallery\/jule-kugler\/cache\/2020-scaled.jpg-nggid03359-ngg0dyn-210x160x100-00f0w010c011r110f110r010t010.jpg\"\n                                         width=\"210\"\n                                         height=\"160\"\n                                         style=\"max-width:100%;\"\/>\n                                <\/a>\n                                                                    <span style=\"max-width: 210px\">\n                                                                            <\/span>\n                                                            <\/div>\n                                            <\/div>\n                                                <div id=\"ngg-image-1\" class=\"ngg-gallery-thumbnail-box ngg-3-columns\" >\n                                                    <div class=\"ngg-gallery-thumbnail\">\n                                <a href=\"https:\/\/broderioghobby.dk\/wp-content\/gallery\/jule-kugler\/20221023_193641-scaled.jpg\"\n                                   title=\"\"\n                                   data-src=\"https:\/\/broderioghobby.dk\/wp-content\/gallery\/jule-kugler\/20221023_193641-scaled.jpg\"\n                                   data-thumbnail=\"https:\/\/broderioghobby.dk\/wp-content\/gallery\/jule-kugler\/thumbs\/thumbs_20221023_193641-scaled.jpg\"\n                                   data-image-id=\"360\"\n                                   data-title=\"20221023_193641-scaled\"\n                                   data-description=\"\"\n                                   data-image-slug=\"20221023_193641-scaled\"\n                                    class=\"ngg-fancybox\" rel=\"847f789f4fbff044f944108cdfce6356\">\n                                    <img title=\"20221023_193641-scaled\"\n                                         alt=\"20221023_193641-scaled\"\n                                         src=\"https:\/\/broderioghobby.dk\/wp-content\/gallery\/jule-kugler\/cache\/20221023_193641-scaled.jpg-nggid03360-ngg0dyn-210x160x100-00f0w010c011r110f110r010t010.jpg\"\n                                         width=\"210\"\n                                         height=\"160\"\n                                         style=\"max-width:100%;\"\/>\n                                <\/a>\n                                                                    <span style=\"max-width: 210px\">\n                                                                            <\/span>\n                                                            <\/div>\n                                            <\/div>\n                                                <div id=\"ngg-image-2\" class=\"ngg-gallery-thumbnail-box ngg-3-columns\" >\n                                                    <div class=\"ngg-gallery-thumbnail\">\n                                <a href=\"https:\/\/broderioghobby.dk\/wp-content\/gallery\/jule-kugler\/logo-julekugle-e1580675019799.jpg\"\n                                   title=\"Logo julekugle, 20 kr.\"\n                                   data-src=\"https:\/\/broderioghobby.dk\/wp-content\/gallery\/jule-kugler\/logo-julekugle-e1580675019799.jpg\"\n                                   data-thumbnail=\"https:\/\/broderioghobby.dk\/wp-content\/gallery\/jule-kugler\/thumbs\/thumbs_logo-julekugle-e1580675019799.jpg\"\n                                   data-image-id=\"274\"\n                                   data-title=\"Logo julekugle, 20 kr.\"\n                                   data-description=\"Logo julekugle, 20 kr.\"\n                                   data-image-slug=\"logo-julekugle-e1580675019799\"\n                                    class=\"ngg-fancybox\" rel=\"847f789f4fbff044f944108cdfce6356\">\n                                    <img title=\"Logo julekugle, 20 kr.\"\n                                         alt=\"Logo julekugle, 20 kr.\"\n                                         src=\"https:\/\/broderioghobby.dk\/wp-content\/gallery\/jule-kugler\/cache\/logo-julekugle-e1580675019799.jpg-nggid03274-ngg0dyn-210x160x100-00f0w010c011r110f110r010t010.jpg\"\n                                         width=\"210\"\n                                         height=\"160\"\n                                         style=\"max-width:100%;\"\/>\n                                <\/a>\n                                                                    <span style=\"max-width: 210px\">\n                                        Logo julekugle, 20 kr.                                    <\/span>\n                                                            <\/div>\n                                            <\/div>\n                                                <div id=\"ngg-image-3\" class=\"ngg-gallery-thumbnail-box ngg-3-columns\" >\n                                                    <div class=\"ngg-gallery-thumbnail\">\n                                <a href=\"https:\/\/broderioghobby.dk\/wp-content\/gallery\/jule-kugler\/harley-julekugle1-e1580674467151.jpg\"\n                                   title=\"Harley julekugle, 20 kr.\"\n                                   data-src=\"https:\/\/broderioghobby.dk\/wp-content\/gallery\/jule-kugler\/harley-julekugle1-e1580674467151.jpg\"\n                                   data-thumbnail=\"https:\/\/broderioghobby.dk\/wp-content\/gallery\/jule-kugler\/thumbs\/thumbs_harley-julekugle1-e1580674467151.jpg\"\n                                   data-image-id=\"277\"\n                                   data-title=\"Harley julekugle, 20 kr.\"\n                                   data-description=\"Harley julekugle, 20 kr.\"\n                                   data-image-slug=\"harley-julekugle1-e1580674467151\"\n                                    class=\"ngg-fancybox\" rel=\"847f789f4fbff044f944108cdfce6356\">\n                                    <img title=\"Harley julekugle, 20 kr.\"\n                                         alt=\"Harley julekugle, 20 kr.\"\n                                         src=\"https:\/\/broderioghobby.dk\/wp-content\/gallery\/jule-kugler\/cache\/harley-julekugle1-e1580674467151.jpg-nggid03277-ngg0dyn-210x160x100-00f0w010c011r110f110r010t010.jpg\"\n                                         width=\"210\"\n                                         height=\"160\"\n                                         style=\"max-width:100%;\"\/>\n                                <\/a>\n                                                                    <span style=\"max-width: 210px\">\n                                        Harley julekugle, 20 kr.                                    <\/span>\n                                                            <\/div>\n                                            <\/div>\n                                                <div id=\"ngg-image-4\" class=\"ngg-gallery-thumbnail-box ngg-3-columns\" >\n                                                    <div class=\"ngg-gallery-thumbnail\">\n                                <a href=\"https:\/\/broderioghobby.dk\/wp-content\/gallery\/jule-kugler\/logo-julekugle2-e1580675088944.jpg\"\n                                   title=\"Logo julekugle, 20 kr.\"\n                                   data-src=\"https:\/\/broderioghobby.dk\/wp-content\/gallery\/jule-kugler\/logo-julekugle2-e1580675088944.jpg\"\n                                   data-thumbnail=\"https:\/\/broderioghobby.dk\/wp-content\/gallery\/jule-kugler\/thumbs\/thumbs_logo-julekugle2-e1580675088944.jpg\"\n                                   data-image-id=\"278\"\n                                   data-title=\"Logo julekugle, 20 kr.\"\n                                   data-description=\"Logo julekugle, 20 kr.\"\n                                   data-image-slug=\"logo-julekugle2-e1580675088944\"\n                                    class=\"ngg-fancybox\" rel=\"847f789f4fbff044f944108cdfce6356\">\n                                    <img title=\"Logo julekugle, 20 kr.\"\n                                         alt=\"Logo julekugle, 20 kr.\"\n                                         src=\"https:\/\/broderioghobby.dk\/wp-content\/gallery\/jule-kugler\/cache\/logo-julekugle2-e1580675088944.jpg-nggid03278-ngg0dyn-210x160x100-00f0w010c011r110f110r010t010.jpg\"\n                                         width=\"210\"\n                                         height=\"160\"\n                                         style=\"max-width:100%;\"\/>\n                                <\/a>\n                                                                    <span style=\"max-width: 210px\">\n                                        Logo julekugle, 20 kr.                                    <\/span>\n                                                            <\/div>\n                                            <\/div>\n                                                <div id=\"ngg-image-5\" class=\"ngg-gallery-thumbnail-box ngg-3-columns\" >\n                                                    <div class=\"ngg-gallery-thumbnail\">\n                                <a href=\"https:\/\/broderioghobby.dk\/wp-content\/gallery\/jule-kugler\/20180930_131348.jpg\"\n                                   title=\"Julekugler med valgfri tekst, 20 kr.\"\n                                   data-src=\"https:\/\/broderioghobby.dk\/wp-content\/gallery\/jule-kugler\/20180930_131348.jpg\"\n                                   data-thumbnail=\"https:\/\/broderioghobby.dk\/wp-content\/gallery\/jule-kugler\/thumbs\/thumbs_20180930_131348.jpg\"\n                                   data-image-id=\"220\"\n                                   data-title=\"Julekugler med valgfri tekst, 20 kr.\"\n                                   data-description=\"Julekugler med valgfri tekst, 20 kr.\"\n                                   data-image-slug=\"20180930_131348\"\n                                    class=\"ngg-fancybox\" rel=\"847f789f4fbff044f944108cdfce6356\">\n                                    <img title=\"Julekugler med valgfri tekst, 20 kr.\"\n                                         alt=\"Julekugler med valgfri tekst, 20 kr.\"\n                                         src=\"https:\/\/broderioghobby.dk\/wp-content\/gallery\/jule-kugler\/cache\/20180930_131348.jpg-nggid03220-ngg0dyn-210x160x100-00f0w010c011r110f110r010t010.jpg\"\n                                         width=\"210\"\n                                         height=\"160\"\n                                         style=\"max-width:100%;\"\/>\n                                <\/a>\n                                                                    <span style=\"max-width: 210px\">\n                                        Julekugler med valgfri tekst, 20 kr.                                    <\/span>\n                                                            <\/div>\n                                            <\/div>\n                                                <div id=\"ngg-image-6\" class=\"ngg-gallery-thumbnail-box ngg-3-columns\" >\n                                                    <div class=\"ngg-gallery-thumbnail\">\n                                <a href=\"https:\/\/broderioghobby.dk\/wp-content\/gallery\/jule-kugler\/logo-julekugle3-e1580675129850.jpg\"\n                                   title=\"Logo julekugle, 20 kr.\"\n                                   data-src=\"https:\/\/broderioghobby.dk\/wp-content\/gallery\/jule-kugler\/logo-julekugle3-e1580675129850.jpg\"\n                                   data-thumbnail=\"https:\/\/broderioghobby.dk\/wp-content\/gallery\/jule-kugler\/thumbs\/thumbs_logo-julekugle3-e1580675129850.jpg\"\n                                   data-image-id=\"279\"\n                                   data-title=\"Logo julekugle, 20 kr.\"\n                                   data-description=\"Logo julekugle, 20 kr.\"\n                                   data-image-slug=\"logo-julekugle3-e1580675129850\"\n                                    class=\"ngg-fancybox\" rel=\"847f789f4fbff044f944108cdfce6356\">\n                                    <img title=\"Logo julekugle, 20 kr.\"\n                                         alt=\"Logo julekugle, 20 kr.\"\n                                         src=\"https:\/\/broderioghobby.dk\/wp-content\/gallery\/jule-kugler\/cache\/logo-julekugle3-e1580675129850.jpg-nggid03279-ngg0dyn-210x160x100-00f0w010c011r110f110r010t010.jpg\"\n                                         width=\"210\"\n                                         height=\"160\"\n                                         style=\"max-width:100%;\"\/>\n                                <\/a>\n                                                                    <span style=\"max-width: 210px\">\n                                        Logo julekugle, 20 kr.                                    <\/span>\n                                                            <\/div>\n                                            <\/div>\n                                                <div id=\"ngg-image-7\" class=\"ngg-gallery-thumbnail-box ngg-3-columns\" >\n                                                    <div class=\"ngg-gallery-thumbnail\">\n                                <a href=\"https:\/\/broderioghobby.dk\/wp-content\/gallery\/jule-kugler\/20180930_131356.jpg\"\n                                   title=\"Julekugler med valgfri tekst, 20 kr.\"\n                                   data-src=\"https:\/\/broderioghobby.dk\/wp-content\/gallery\/jule-kugler\/20180930_131356.jpg\"\n                                   data-thumbnail=\"https:\/\/broderioghobby.dk\/wp-content\/gallery\/jule-kugler\/thumbs\/thumbs_20180930_131356.jpg\"\n                                   data-image-id=\"221\"\n                                   data-title=\"Julekugler med valgfri tekst, 20 kr.\"\n                                   data-description=\"Julekugler med valgfri tekst, 20 kr.\"\n                                   data-image-slug=\"20180930_131356\"\n                                    class=\"ngg-fancybox\" rel=\"847f789f4fbff044f944108cdfce6356\">\n                                    <img title=\"Julekugler med valgfri tekst, 20 kr.\"\n                                         alt=\"Julekugler med valgfri tekst, 20 kr.\"\n                                         src=\"https:\/\/broderioghobby.dk\/wp-content\/gallery\/jule-kugler\/cache\/20180930_131356.jpg-nggid03221-ngg0dyn-210x160x100-00f0w010c011r110f110r010t010.jpg\"\n                                         width=\"210\"\n                                         height=\"160\"\n                                         style=\"max-width:100%;\"\/>\n                                <\/a>\n                                                                    <span style=\"max-width: 210px\">\n                                        Julekugler med valgfri tekst, 20 kr.                                    <\/span>\n                                                            <\/div>\n                                            <\/div>\n                                                <div id=\"ngg-image-8\" class=\"ngg-gallery-thumbnail-box ngg-3-columns\" >\n                                                    <div class=\"ngg-gallery-thumbnail\">\n                                <a href=\"https:\/\/broderioghobby.dk\/wp-content\/gallery\/jule-kugler\/harley-julekugle-e1580674221742.jpg\"\n                                   title=\"Harley julekugle, 20 kr.\"\n                                   data-src=\"https:\/\/broderioghobby.dk\/wp-content\/gallery\/jule-kugler\/harley-julekugle-e1580674221742.jpg\"\n                                   data-thumbnail=\"https:\/\/broderioghobby.dk\/wp-content\/gallery\/jule-kugler\/thumbs\/thumbs_harley-julekugle-e1580674221742.jpg\"\n                                   data-image-id=\"276\"\n                                   data-title=\"Harley julekugle, 20 kr.\"\n                                   data-description=\"Harley julekugle, 20 kr.\"\n                                   data-image-slug=\"harley-julekugle-e1580674221742\"\n                                    class=\"ngg-fancybox\" rel=\"847f789f4fbff044f944108cdfce6356\">\n                                    <img title=\"Harley julekugle, 20 kr.\"\n                                         alt=\"Harley julekugle, 20 kr.\"\n                                         src=\"https:\/\/broderioghobby.dk\/wp-content\/gallery\/jule-kugler\/cache\/harley-julekugle-e1580674221742.jpg-nggid03276-ngg0dyn-210x160x100-00f0w010c011r110f110r010t010.jpg\"\n                                         width=\"210\"\n                                         height=\"160\"\n                                         style=\"max-width:100%;\"\/>\n                                <\/a>\n                                                                    <span style=\"max-width: 210px\">\n                                        Harley julekugle, 20 kr.                                    <\/span>\n                                                            <\/div>\n                                            <\/div>\n                                        <\/div>\n\n    \n            <div class='ngg-clear'><\/div>    <\/div>\n\n\n","protected":false},"excerpt":{"rendered":"<p>Glas julekugler med valgfri tekst, stjerner eller hvad der \u00f8nskes. Kuglerne er i mange forskellige farver, kan variere lidt fra \u00e5r til \u00e5r, men har altid r\u00f8d, s\u00f8lv og guld. Skrift farver: s\u00f8lv, guld, sort, hvid, r\u00f8d, orange, gr\u00f8n, gr\u00e5 og bl\u00e5. Pris 20 kr. pr styk inklusiv kugle og tekst eller har du dine [&hellip;]<\/p>\n","protected":false},"author":1,"featured_media":0,"parent":1346,"menu_order":0,"comment_status":"closed","ping_status":"closed","template":"","meta":{"ngg_post_thumbnail":0},"_links":{"self":[{"href":"https:\/\/broderioghobby.dk\/index.php?rest_route=\/wp\/v2\/pages\/1392"}],"collection":[{"href":"https:\/\/broderioghobby.dk\/index.php?rest_route=\/wp\/v2\/pages"}],"about":[{"href":"https:\/\/broderioghobby.dk\/index.php?rest_route=\/wp\/v2\/types\/page"}],"author":[{"embeddable":true,"href":"https:\/\/broderioghobby.dk\/index.php?rest_route=\/wp\/v2\/users\/1"}],"replies":[{"embeddable":true,"href":"https:\/\/broderioghobby.dk\/index.php?rest_route=%2Fwp%2Fv2%2Fcomments&post=1392"}],"version-history":[{"count":7,"href":"https:\/\/broderioghobby.dk\/index.php?rest_route=\/wp\/v2\/pages\/1392\/revisions"}],"predecessor-version":[{"id":1988,"href":"https:\/\/broderioghobby.dk\/index.php?rest_route=\/wp\/v2\/pages\/1392\/revisions\/1988"}],"up":[{"embeddable":true,"href":"https:\/\/broderioghobby.dk\/index.php?rest_route=\/wp\/v2\/pages\/1346"}],"wp:attachment":[{"href":"https:\/\/broderioghobby.dk\/index.php?rest_route=%2Fwp%2Fv2%2Fmedia&parent=1392"}],"curies":[{"name":"wp","href":"https:\/\/api.w.org\/{rel}","templated":true}]}}