{"id":1643,"date":"2019-10-06T18:55:55","date_gmt":"2019-10-06T18:55:55","guid":{"rendered":"https:\/\/broderioghobby.dk\/?page_id=1643"},"modified":"2023-08-07T19:29:02","modified_gmt":"2023-08-07T19:29:02","slug":"strygemaerker","status":"publish","type":"page","link":"https:\/\/broderioghobby.dk\/?page_id=1643","title":{"rendered":"Strygem\u00e6rker"},"content":{"rendered":"<p><span style=\"font-family: 'comic sans ms', sans-serif;\">Strygem\u00e6rker, brug dem til at stryge p\u00e5 servietter, s\u00e5 har du enten en sjov, hyggelig eller special bordkort&nbsp;<\/span><\/p>\n<p><span style=\"font-family: 'comic sans ms', sans-serif;\">Pris fra 5 kr.<\/span><\/p>\n\n<div class=\"ngg-galleryoverview caption-view  ngg-ajax-pagination-none\"\n\tid=\"ngg-gallery-94b6e329ddfe34503c8c8b4276652a9b-1\">\n\n    <div class=\"ngg-caption-view-wrapper\">\n                                        <div id=\"ngg-image-0\" class=\"ngg-gallery-thumbnail-box ngg-3-columns\" >\n                                                    <div class=\"ngg-gallery-thumbnail\">\n                                <a href=\"https:\/\/broderioghobby.dk\/wp-content\/gallery\/strygemaerker\/Bordkort-sticker.jpg\"\n                                   title=\"Stickers til at stryge p\u00e5 servietter\"\n                                   data-src=\"https:\/\/broderioghobby.dk\/wp-content\/gallery\/strygemaerker\/Bordkort-sticker.jpg\"\n                                   data-thumbnail=\"https:\/\/broderioghobby.dk\/wp-content\/gallery\/strygemaerker\/thumbs\/thumbs_Bordkort-sticker.jpg\"\n                                   data-image-id=\"269\"\n                                   data-title=\"Stickers til at stryge p\u00e5 servietter\"\n                                   data-description=\"Stickers til at stryge p\u00e5 servietter\"\n                                   data-image-slug=\"bordkort-sticker\"\n                                    class=\"ngg-fancybox\" rel=\"94b6e329ddfe34503c8c8b4276652a9b\">\n                                    <img title=\"Stickers til at stryge p\u00e5 servietter\"\n                                         alt=\"Stickers til at stryge p\u00e5 servietter\"\n                                         src=\"https:\/\/broderioghobby.dk\/wp-content\/gallery\/strygemaerker\/cache\/Bordkort-sticker.jpg-nggid03269-ngg0dyn-210x160x100-00f0w010c011r110f110r010t010.jpg\"\n                                         width=\"210\"\n                                         height=\"160\"\n                                         style=\"max-width:100%;\"\/>\n                                <\/a>\n                                                                    <span style=\"max-width: 210px\">\n                                        Stickers til at stryge p\u00e5 servietter                                    <\/span>\n                                                            <\/div>\n                                            <\/div>\n                                                <div id=\"ngg-image-1\" class=\"ngg-gallery-thumbnail-box ngg-3-columns\" >\n                                                    <div class=\"ngg-gallery-thumbnail\">\n                                <a href=\"https:\/\/broderioghobby.dk\/wp-content\/gallery\/strygemaerker\/Serviet-e1580846037802.jpg\"\n                                   title=\"Strygem\u00e6rke\"\n                                   data-src=\"https:\/\/broderioghobby.dk\/wp-content\/gallery\/strygemaerker\/Serviet-e1580846037802.jpg\"\n                                   data-thumbnail=\"https:\/\/broderioghobby.dk\/wp-content\/gallery\/strygemaerker\/thumbs\/thumbs_Serviet-e1580846037802.jpg\"\n                                   data-image-id=\"300\"\n                                   data-title=\"Strygem\u00e6rke\"\n                                   data-description=\"Strygem\u00e6rke\"\n                                   data-image-slug=\"serviet-e1580846037802\"\n                                    class=\"ngg-fancybox\" rel=\"94b6e329ddfe34503c8c8b4276652a9b\">\n                                    <img title=\"Strygem\u00e6rke\"\n                                         alt=\"Strygem\u00e6rke\"\n                                         src=\"https:\/\/broderioghobby.dk\/wp-content\/gallery\/strygemaerker\/cache\/Serviet-e1580846037802.jpg-nggid03300-ngg0dyn-210x160x100-00f0w010c011r110f110r010t010.jpg\"\n                                         width=\"210\"\n                                         height=\"160\"\n                                         style=\"max-width:100%;\"\/>\n                                <\/a>\n                                                                    <span style=\"max-width: 210px\">\n                                        Strygem\u00e6rke                                    <\/span>\n                                                            <\/div>\n                                            <\/div>\n                                        <\/div>\n\n    \n            <div class='ngg-clear'><\/div>    <\/div>\n\n\n","protected":false},"excerpt":{"rendered":"<p>Strygem\u00e6rker, brug dem til at stryge p\u00e5 servietter, s\u00e5 har du enten en sjov, hyggelig eller special bordkort&nbsp; Pris fra 5 kr.<\/p>\n","protected":false},"author":1,"featured_media":0,"parent":1346,"menu_order":0,"comment_status":"closed","ping_status":"closed","template":"","meta":{"ngg_post_thumbnail":0},"_links":{"self":[{"href":"https:\/\/broderioghobby.dk\/index.php?rest_route=\/wp\/v2\/pages\/1643"}],"collection":[{"href":"https:\/\/broderioghobby.dk\/index.php?rest_route=\/wp\/v2\/pages"}],"about":[{"href":"https:\/\/broderioghobby.dk\/index.php?rest_route=\/wp\/v2\/types\/page"}],"author":[{"embeddable":true,"href":"https:\/\/broderioghobby.dk\/index.php?rest_route=\/wp\/v2\/users\/1"}],"replies":[{"embeddable":true,"href":"https:\/\/broderioghobby.dk\/index.php?rest_route=%2Fwp%2Fv2%2Fcomments&post=1643"}],"version-history":[{"count":4,"href":"https:\/\/broderioghobby.dk\/index.php?rest_route=\/wp\/v2\/pages\/1643\/revisions"}],"predecessor-version":[{"id":1746,"href":"https:\/\/broderioghobby.dk\/index.php?rest_route=\/wp\/v2\/pages\/1643\/revisions\/1746"}],"up":[{"embeddable":true,"href":"https:\/\/broderioghobby.dk\/index.php?rest_route=\/wp\/v2\/pages\/1346"}],"wp:attachment":[{"href":"https:\/\/broderioghobby.dk\/index.php?rest_route=%2Fwp%2Fv2%2Fmedia&parent=1643"}],"curies":[{"name":"wp","href":"https:\/\/api.w.org\/{rel}","templated":true}]}}