{"id":17,"date":"2018-01-15T14:37:45","date_gmt":"2018-01-15T14:37:45","guid":{"rendered":"https:\/\/hovederne.dk\/?page_id=17"},"modified":"2023-08-07T19:26:48","modified_gmt":"2023-08-07T19:26:48","slug":"home","status":"publish","type":"page","link":"https:\/\/broderioghobby.dk\/","title":{"rendered":"Broderi og Hobby"},"content":{"rendered":"\n<p><span style=\"margin: 0px; color: #333333; font-family: 'comic sans ms', sans-serif;\">Hej<\/span><span style=\"font-family: comic sans ms,sans-serif;\"><span style=\"margin: 0px; color: #333333;\"><span style=\"font-family: 'comic sans ms', sans-serif;\"> og velkommen til min broderi og hobby side.<\/span><\/span><\/span><\/p>\n\n\n\n<p><span style=\"font-family: comic sans ms,sans-serif;\"><span style=\"margin: 0px; color: #333333;\"><span style=\"font-family: 'comic sans ms', sans-serif;\">Denne side er blevet til, fordi jeg elsker at v\u00e6re kreativ. Det at jeg altid laver et eller andet kreativt,&nbsp;har med tid<\/span>en smittet resten af min familie. Tiden g\u00e5r med at lave stickers, t\u00f8jtryk, brodering, 3d print og personlige gaver lige efter jeres \u00f8nsker, derfor er alt p\u00e5 siden prim\u00e6rt til inspiration, og s\u00e5 laves tingene efter dine \u00f8nsker \ud83d\ude42<\/span><\/span><\/p>\n\n\n\n<p><span style=\"font-family: comic sans ms,sans-serif;\"><span style=\"margin: 0px; color: #333333;\">Jeg kan v\u00e6re behj\u00e6lpelig med rigtig meget brodering og stickers, s\u00e5 har du nogle \u00f8nsker s\u00e5 skriv <\/span><span style=\"margin: 0px; color: #333333;\">\ud83d\ude42<\/span><\/span><\/p>\n\n\n\n<p><span style=\"font-family: comic sans ms,sans-serif;\">Kig rundt p\u00e5 siden, og se lidt af det vi kan tilbyde, og m\u00e5ske f\u00e5 lidt inspiration til egne hobbyer.<\/span><\/p>\n\n\n\n<p><\/p>\n","protected":false},"excerpt":{"rendered":"<p>Hej og velkommen til min broderi og hobby side. Denne side er blevet til, fordi jeg elsker at v\u00e6re kreativ. Det at jeg altid laver et eller andet kreativt,&nbsp;har med tiden smittet resten af min familie. Tiden g\u00e5r med at lave stickers, t\u00f8jtryk, brodering, 3d print og personlige gaver lige efter jeres \u00f8nsker, derfor er [&hellip;]<\/p>\n","protected":false},"author":1,"featured_media":0,"parent":0,"menu_order":0,"comment_status":"closed","ping_status":"closed","template":"","meta":{"ngg_post_thumbnail":0},"_links":{"self":[{"href":"https:\/\/broderioghobby.dk\/index.php?rest_route=\/wp\/v2\/pages\/17"}],"collection":[{"href":"https:\/\/broderioghobby.dk\/index.php?rest_route=\/wp\/v2\/pages"}],"about":[{"href":"https:\/\/broderioghobby.dk\/index.php?rest_route=\/wp\/v2\/types\/page"}],"author":[{"embeddable":true,"href":"https:\/\/broderioghobby.dk\/index.php?rest_route=\/wp\/v2\/users\/1"}],"replies":[{"embeddable":true,"href":"https:\/\/broderioghobby.dk\/index.php?rest_route=%2Fwp%2Fv2%2Fcomments&post=17"}],"version-history":[{"count":81,"href":"https:\/\/broderioghobby.dk\/index.php?rest_route=\/wp\/v2\/pages\/17\/revisions"}],"predecessor-version":[{"id":2116,"href":"https:\/\/broderioghobby.dk\/index.php?rest_route=\/wp\/v2\/pages\/17\/revisions\/2116"}],"wp:attachment":[{"href":"https:\/\/broderioghobby.dk\/index.php?rest_route=%2Fwp%2Fv2%2Fmedia&parent=17"}],"curies":[{"name":"wp","href":"https:\/\/api.w.org\/{rel}","templated":true}]}}