{"id":19,"date":"2018-01-15T14:37:45","date_gmt":"2018-01-15T14:37:45","guid":{"rendered":"https:\/\/hovederne.dk\/?page_id=19"},"modified":"2023-08-07T19:29:16","modified_gmt":"2023-08-07T19:29:16","slug":"contact","status":"publish","type":"page","link":"https:\/\/broderioghobby.dk\/?page_id=19","title":{"rendered":"Kontakt"},"content":{"rendered":"<p><span style=\"font-family: comic sans ms,sans-serif;\">Er i interesseret i noget fra hjemmesiden eller foresp\u00f8rgsel til andet, sp\u00f8rgsm\u00e5l vedr\u00f8rende priser, bestillinger, \u00f8nsker, fragt. Skriv via mail eller igennem Facebook, svarer hurtigst muligt.<\/span><\/p>\n<p><span style=\"font-family: comic sans ms,sans-serif;\">Mail: info@broderioghobby.dk<\/span><\/p>\n<p><span style=\"font-family: comic sans ms,sans-serif;\">Vi sender med Post Nord, GLS eller Dao, priser fra 12 kr.<\/span><\/p>\n","protected":false},"excerpt":{"rendered":"<p>Er i interesseret i noget fra hjemmesiden eller foresp\u00f8rgsel til andet, sp\u00f8rgsm\u00e5l vedr\u00f8rende priser, bestillinger, \u00f8nsker, fragt. Skriv via mail eller igennem Facebook, svarer hurtigst muligt. Mail: info@broderioghobby.dk Vi sender med Post Nord, GLS eller Dao, priser fra 12 kr.<\/p>\n","protected":false},"author":1,"featured_media":0,"parent":0,"menu_order":0,"comment_status":"closed","ping_status":"closed","template":"","meta":{"ngg_post_thumbnail":0},"_links":{"self":[{"href":"https:\/\/broderioghobby.dk\/index.php?rest_route=\/wp\/v2\/pages\/19"}],"collection":[{"href":"https:\/\/broderioghobby.dk\/index.php?rest_route=\/wp\/v2\/pages"}],"about":[{"href":"https:\/\/broderioghobby.dk\/index.php?rest_route=\/wp\/v2\/types\/page"}],"author":[{"embeddable":true,"href":"https:\/\/broderioghobby.dk\/index.php?rest_route=\/wp\/v2\/users\/1"}],"replies":[{"embeddable":true,"href":"https:\/\/broderioghobby.dk\/index.php?rest_route=%2Fwp%2Fv2%2Fcomments&post=19"}],"version-history":[{"count":13,"href":"https:\/\/broderioghobby.dk\/index.php?rest_route=\/wp\/v2\/pages\/19\/revisions"}],"predecessor-version":[{"id":2115,"href":"https:\/\/broderioghobby.dk\/index.php?rest_route=\/wp\/v2\/pages\/19\/revisions\/2115"}],"wp:attachment":[{"href":"https:\/\/broderioghobby.dk\/index.php?rest_route=%2Fwp%2Fv2%2Fmedia&parent=19"}],"curies":[{"name":"wp","href":"https:\/\/api.w.org\/{rel}","templated":true}]}}