{"id":48,"date":"2018-01-15T14:49:58","date_gmt":"2018-01-15T14:49:58","guid":{"rendered":"https:\/\/hovederne.dk\/?page_id=48"},"modified":"2023-08-07T19:27:42","modified_gmt":"2023-08-07T19:27:42","slug":"paske","status":"publish","type":"page","link":"https:\/\/broderioghobby.dk\/?page_id=48","title":{"rendered":"P\u00e5ske"},"content":{"rendered":"<p><span style=\"font-family: comic sans ms,sans-serif;\">P\u00e5skebroderi, h\u00e6ng dem&nbsp;i vinduet eller p\u00e5 en&nbsp;troldegren. Kan ogs\u00e5 ligges flat som&nbsp;dekorativ pynt&nbsp;p\u00e5 p\u00e5skebordet.<\/span><\/p>\n<p><span style=\"font-family: 'comic sans ms', sans-serif;\">Referer til nummer ved bestilling.<\/span><\/p>\n\n<div class=\"ngg-galleryoverview caption-view  ngg-ajax-pagination-none\"\n\tid=\"ngg-gallery-bc86178fcf539c0bb2c57f09bf39f0f1-1\">\n\n    <div class=\"ngg-caption-view-wrapper\">\n                                        <div id=\"ngg-image-0\" class=\"ngg-gallery-thumbnail-box ngg-3-columns\" >\n                                                    <div class=\"ngg-gallery-thumbnail\">\n                                <a href=\"https:\/\/broderioghobby.dk\/wp-content\/gallery\/paske-1\/2%C3%A6g.jpg\"\n                                   title=\"P\u00e5ske\u00e6g, ca. 5x8 cm 12 kr. pr styk.\"\n                                   data-src=\"https:\/\/broderioghobby.dk\/wp-content\/gallery\/paske-1\/2%C3%A6g.jpg\"\n                                   data-thumbnail=\"https:\/\/broderioghobby.dk\/wp-content\/gallery\/paske-1\/thumbs\/thumbs_2%C3%A6g.jpg\"\n                                   data-image-id=\"301\"\n                                   data-title=\"2\u00e6g\"\n                                   data-description=\"P\u00e5ske\u00e6g, ca. 5x8 cm 12 kr. pr styk.\"\n                                   data-image-slug=\"2%c3%a6g\"\n                                    class=\"ngg-fancybox\" rel=\"bc86178fcf539c0bb2c57f09bf39f0f1\">\n                                    <img title=\"2\u00e6g\"\n                                         alt=\"2\u00e6g\"\n                                         src=\"https:\/\/broderioghobby.dk\/wp-content\/gallery\/paske-1\/cache\/2%C3%A6g.jpg-nggid03301-ngg0dyn-210x160x100-00f0w010c011r110f110r010t010.jpg\"\n                                         width=\"210\"\n                                         height=\"160\"\n                                         style=\"max-width:100%;\"\/>\n                                <\/a>\n                                                                    <span style=\"max-width: 210px\">\n                                        P\u00e5ske\u00e6g, ca. 5x8 cm 12 kr. pr styk.                                    <\/span>\n                                                            <\/div>\n                                            <\/div>\n                                                <div id=\"ngg-image-1\" class=\"ngg-gallery-thumbnail-box ngg-3-columns\" >\n                                                    <div class=\"ngg-gallery-thumbnail\">\n                                <a href=\"https:\/\/broderioghobby.dk\/wp-content\/gallery\/paske-1\/4store.jpg\"\n                                   title=\"P\u00e5skekyllinger, ca. 9x10 cm.\n14 kr. pr styk\"\n                                   data-src=\"https:\/\/broderioghobby.dk\/wp-content\/gallery\/paske-1\/4store.jpg\"\n                                   data-thumbnail=\"https:\/\/broderioghobby.dk\/wp-content\/gallery\/paske-1\/thumbs\/thumbs_4store.jpg\"\n                                   data-image-id=\"302\"\n                                   data-title=\"4store\"\n                                   data-description=\"P\u00e5skekyllinger, ca. 9x10 cm.\n14 kr. pr styk\"\n                                   data-image-slug=\"4store\"\n                                    class=\"ngg-fancybox\" rel=\"bc86178fcf539c0bb2c57f09bf39f0f1\">\n                                    <img title=\"4store\"\n                                         alt=\"4store\"\n                                         src=\"https:\/\/broderioghobby.dk\/wp-content\/gallery\/paske-1\/cache\/4store.jpg-nggid03302-ngg0dyn-210x160x100-00f0w010c011r110f110r010t010.jpg\"\n                                         width=\"210\"\n                                         height=\"160\"\n                                         style=\"max-width:100%;\"\/>\n                                <\/a>\n                                                                    <span style=\"max-width: 210px\">\n                                        P\u00e5skekyllinger, ca. 9x10 cm.\n14 kr. pr styk                                    <\/span>\n                                                            <\/div>\n                                            <\/div>\n                                                <div id=\"ngg-image-2\" class=\"ngg-gallery-thumbnail-box ngg-3-columns\" >\n                                                    <div class=\"ngg-gallery-thumbnail\">\n                                <a href=\"https:\/\/broderioghobby.dk\/wp-content\/gallery\/paske-1\/8sm%C3%A5.jpg\"\n                                   title=\"P\u00e5skekyllinger, ca. 6x8 cm.\n12 kr. pr styk\"\n                                   data-src=\"https:\/\/broderioghobby.dk\/wp-content\/gallery\/paske-1\/8sm%C3%A5.jpg\"\n                                   data-thumbnail=\"https:\/\/broderioghobby.dk\/wp-content\/gallery\/paske-1\/thumbs\/thumbs_8sm%C3%A5.jpg\"\n                                   data-image-id=\"303\"\n                                   data-title=\"8sm\u00e5\"\n                                   data-description=\"P\u00e5skekyllinger, ca. 6x8 cm.\n12 kr. pr styk\"\n                                   data-image-slug=\"8sm%c3%a5\"\n                                    class=\"ngg-fancybox\" rel=\"bc86178fcf539c0bb2c57f09bf39f0f1\">\n                                    <img title=\"8sm\u00e5\"\n                                         alt=\"8sm\u00e5\"\n                                         src=\"https:\/\/broderioghobby.dk\/wp-content\/gallery\/paske-1\/cache\/8sm%C3%A5.jpg-nggid03303-ngg0dyn-210x160x100-00f0w010c011r110f110r010t010.jpg\"\n                                         width=\"210\"\n                                         height=\"160\"\n                                         style=\"max-width:100%;\"\/>\n                                <\/a>\n                                                                    <span style=\"max-width: 210px\">\n                                        P\u00e5skekyllinger, ca. 6x8 cm.\n12 kr. pr styk                                    <\/span>\n                                                            <\/div>\n                                            <\/div>\n                                                <div id=\"ngg-image-3\" class=\"ngg-gallery-thumbnail-box ngg-3-columns\" >\n                                                    <div class=\"ngg-gallery-thumbnail\">\n                                <a href=\"https:\/\/broderioghobby.dk\/wp-content\/gallery\/paske-1\/FB_IMG_1550992278729.jpg\"\n                                   title=\"12 kr. pr. styk \nReferer til nr. dem med streg under, kan have sorte \u00f8jne eller ikke (se eksempel nr. 12)\"\n                                   data-src=\"https:\/\/broderioghobby.dk\/wp-content\/gallery\/paske-1\/FB_IMG_1550992278729.jpg\"\n                                   data-thumbnail=\"https:\/\/broderioghobby.dk\/wp-content\/gallery\/paske-1\/thumbs\/thumbs_FB_IMG_1550992278729.jpg\"\n                                   data-image-id=\"304\"\n                                   data-title=\"FB_IMG_1550992278729\"\n                                   data-description=\"12 kr. pr. styk \nReferer til nr. dem med streg under, kan have sorte \u00f8jne eller ikke (se eksempel nr. 12)\"\n                                   data-image-slug=\"fb_img_1550992278729\"\n                                    class=\"ngg-fancybox\" rel=\"bc86178fcf539c0bb2c57f09bf39f0f1\">\n                                    <img title=\"FB_IMG_1550992278729\"\n                                         alt=\"FB_IMG_1550992278729\"\n                                         src=\"https:\/\/broderioghobby.dk\/wp-content\/gallery\/paske-1\/cache\/FB_IMG_1550992278729.jpg-nggid03304-ngg0dyn-210x160x100-00f0w010c011r110f110r010t010.jpg\"\n                                         width=\"210\"\n                                         height=\"160\"\n                                         style=\"max-width:100%;\"\/>\n                                <\/a>\n                                                                    <span style=\"max-width: 210px\">\n                                        12 kr. pr. styk \nReferer til nr. dem med streg under, kan have sorte \u00f8jne eller ikke (se eksempel nr. 12)                                    <\/span>\n                                                            <\/div>\n                                            <\/div>\n                                                <div id=\"ngg-image-4\" class=\"ngg-gallery-thumbnail-box ngg-3-columns\" >\n                                                    <div class=\"ngg-gallery-thumbnail\">\n                                <a href=\"https:\/\/broderioghobby.dk\/wp-content\/gallery\/paske-1\/FB_IMG_1551000679501.jpg\"\n                                   title=\"12 kr. pr. styk\nReferer til nr. dem med streg under, kan have sorte \u00f8jne eller ikke (se eksempel nr. 12)\"\n                                   data-src=\"https:\/\/broderioghobby.dk\/wp-content\/gallery\/paske-1\/FB_IMG_1551000679501.jpg\"\n                                   data-thumbnail=\"https:\/\/broderioghobby.dk\/wp-content\/gallery\/paske-1\/thumbs\/thumbs_FB_IMG_1551000679501.jpg\"\n                                   data-image-id=\"305\"\n                                   data-title=\"FB_IMG_1551000679501\"\n                                   data-description=\"12 kr. pr. styk\nReferer til nr. dem med streg under, kan have sorte \u00f8jne eller ikke (se eksempel nr. 12)\"\n                                   data-image-slug=\"fb_img_1551000679501\"\n                                    class=\"ngg-fancybox\" rel=\"bc86178fcf539c0bb2c57f09bf39f0f1\">\n                                    <img title=\"FB_IMG_1551000679501\"\n                                         alt=\"FB_IMG_1551000679501\"\n                                         src=\"https:\/\/broderioghobby.dk\/wp-content\/gallery\/paske-1\/cache\/FB_IMG_1551000679501.jpg-nggid03305-ngg0dyn-210x160x100-00f0w010c011r110f110r010t010.jpg\"\n                                         width=\"210\"\n                                         height=\"160\"\n                                         style=\"max-width:100%;\"\/>\n                                <\/a>\n                                                                    <span style=\"max-width: 210px\">\n                                        12 kr. pr. styk\nReferer til nr. dem med streg under, kan have sorte \u00f8jne eller ikke (se eksempel nr. 12)                                    <\/span>\n                                                            <\/div>\n                                            <\/div>\n                                                <div id=\"ngg-image-5\" class=\"ngg-gallery-thumbnail-box ngg-3-columns\" >\n                                                    <div class=\"ngg-gallery-thumbnail\">\n                                <a href=\"https:\/\/broderioghobby.dk\/wp-content\/gallery\/paske-1\/DSCN13661.jpg\"\n                                   title=\"Kan laves i de farver som \u00f8nskes.\"\n                                   data-src=\"https:\/\/broderioghobby.dk\/wp-content\/gallery\/paske-1\/DSCN13661.jpg\"\n                                   data-thumbnail=\"https:\/\/broderioghobby.dk\/wp-content\/gallery\/paske-1\/thumbs\/thumbs_DSCN13661.jpg\"\n                                   data-image-id=\"306\"\n                                   data-title=\"Kan laves i de farver som \u00f8nskes.\"\n                                   data-description=\"Kan laves i de farver som \u00f8nskes.\"\n                                   data-image-slug=\"dscn13661\"\n                                    class=\"ngg-fancybox\" rel=\"bc86178fcf539c0bb2c57f09bf39f0f1\">\n                                    <img title=\"Kan laves i de farver som \u00f8nskes.\"\n                                         alt=\"Kan laves i de farver som \u00f8nskes.\"\n                                         src=\"https:\/\/broderioghobby.dk\/wp-content\/gallery\/paske-1\/cache\/DSCN13661.jpg-nggid03306-ngg0dyn-210x160x100-00f0w010c011r110f110r010t010.jpg\"\n                                         width=\"210\"\n                                         height=\"160\"\n                                         style=\"max-width:100%;\"\/>\n                                <\/a>\n                                                                    <span style=\"max-width: 210px\">\n                                        Kan laves i de farver som \u00f8nskes.                                    <\/span>\n                                                            <\/div>\n                                            <\/div>\n                                        <\/div>\n\n    \n            <div class='ngg-clear'><\/div>    <\/div>\n\n\n<p>&nbsp;<\/p>\n<p>&nbsp;<\/p>\n","protected":false},"excerpt":{"rendered":"<p>P\u00e5skebroderi, h\u00e6ng dem&nbsp;i vinduet eller p\u00e5 en&nbsp;troldegren. Kan ogs\u00e5 ligges flat som&nbsp;dekorativ pynt&nbsp;p\u00e5 p\u00e5skebordet. Referer til nummer ved bestilling. &nbsp; &nbsp;<\/p>\n","protected":false},"author":1,"featured_media":0,"parent":24,"menu_order":2,"comment_status":"closed","ping_status":"closed","template":"","meta":{"ngg_post_thumbnail":0},"_links":{"self":[{"href":"https:\/\/broderioghobby.dk\/index.php?rest_route=\/wp\/v2\/pages\/48"}],"collection":[{"href":"https:\/\/broderioghobby.dk\/index.php?rest_route=\/wp\/v2\/pages"}],"about":[{"href":"https:\/\/broderioghobby.dk\/index.php?rest_route=\/wp\/v2\/types\/page"}],"author":[{"embeddable":true,"href":"https:\/\/broderioghobby.dk\/index.php?rest_route=\/wp\/v2\/users\/1"}],"replies":[{"embeddable":true,"href":"https:\/\/broderioghobby.dk\/index.php?rest_route=%2Fwp%2Fv2%2Fcomments&post=48"}],"version-history":[{"count":56,"href":"https:\/\/broderioghobby.dk\/index.php?rest_route=\/wp\/v2\/pages\/48\/revisions"}],"predecessor-version":[{"id":1772,"href":"https:\/\/broderioghobby.dk\/index.php?rest_route=\/wp\/v2\/pages\/48\/revisions\/1772"}],"up":[{"embeddable":true,"href":"https:\/\/broderioghobby.dk\/index.php?rest_route=\/wp\/v2\/pages\/24"}],"wp:attachment":[{"href":"https:\/\/broderioghobby.dk\/index.php?rest_route=%2Fwp%2Fv2%2Fmedia&parent=48"}],"curies":[{"name":"wp","href":"https:\/\/api.w.org\/{rel}","templated":true}]}}