{"id":59,"date":"2018-01-15T14:51:21","date_gmt":"2018-01-15T14:51:21","guid":{"rendered":"https:\/\/hovederne.dk\/?page_id=59"},"modified":"2023-08-07T19:28:06","modified_gmt":"2023-08-07T19:28:06","slug":"haekling","status":"publish","type":"page","link":"https:\/\/broderioghobby.dk\/?page_id=59","title":{"rendered":"Streamer, wallsticker, postkasse sticker"},"content":{"rendered":"<p><span style=\"font-family: 'comic sans ms', sans-serif;\">Dekorer dine v\u00e6gge med dine egne designs, tekst eller hvad du kunne t\u00e6nke dig. <\/span><\/p>\n<p><span style=\"font-family: 'comic sans ms', sans-serif;\">Kan ogs\u00e5 bruges til skilte og postkasser.<\/span><\/p>\n<p><span style=\"font-family: 'comic sans ms', sans-serif;\">En streamer til bilen, eller et m\u00e6rke efter eget \u00f8nske.<\/span><\/p>\n<p><span style=\"font-family: 'comic sans ms', sans-serif;\">Skriv for \u00f8nske og pris.<\/span><\/p>\n\n<div class=\"ngg-galleryoverview caption-view  ngg-ajax-pagination-none\"\n\tid=\"ngg-gallery-29c020e1fce429d9041a0cb4e5fa1ba9-1\">\n\n    <div class=\"ngg-caption-view-wrapper\">\n                                        <div id=\"ngg-image-0\" class=\"ngg-gallery-thumbnail-box ngg-3-columns\" >\n                                                    <div class=\"ngg-gallery-thumbnail\">\n                                <a href=\"https:\/\/broderioghobby.dk\/wp-content\/gallery\/haekling\/20180927_180541-e1538421360202.jpg\"\n                                   title=\"\"\n                                   data-src=\"https:\/\/broderioghobby.dk\/wp-content\/gallery\/haekling\/20180927_180541-e1538421360202.jpg\"\n                                   data-thumbnail=\"https:\/\/broderioghobby.dk\/wp-content\/gallery\/haekling\/thumbs\/thumbs_20180927_180541-e1538421360202.jpg\"\n                                   data-image-id=\"392\"\n                                   data-title=\"20180927_180541-e1538421360202\"\n                                   data-description=\"\"\n                                   data-image-slug=\"20180927_180541-e1538421360202\"\n                                    class=\"ngg-fancybox\" rel=\"29c020e1fce429d9041a0cb4e5fa1ba9\">\n                                    <img title=\"20180927_180541-e1538421360202\"\n                                         alt=\"20180927_180541-e1538421360202\"\n                                         src=\"https:\/\/broderioghobby.dk\/wp-content\/gallery\/haekling\/cache\/20180927_180541-e1538421360202.jpg-nggid03392-ngg0dyn-210x160x100-00f0w010c011r110f110r010t010.jpg\"\n                                         width=\"210\"\n                                         height=\"160\"\n                                         style=\"max-width:100%;\"\/>\n                                <\/a>\n                                                                    <span style=\"max-width: 210px\">\n                                                                            <\/span>\n                                                            <\/div>\n                                            <\/div>\n                                                <div id=\"ngg-image-1\" class=\"ngg-gallery-thumbnail-box ngg-3-columns\" >\n                                                    <div class=\"ngg-gallery-thumbnail\">\n                                <a href=\"https:\/\/broderioghobby.dk\/wp-content\/gallery\/haekling\/sweet.jpg\"\n                                   title=\"\"\n                                   data-src=\"https:\/\/broderioghobby.dk\/wp-content\/gallery\/haekling\/sweet.jpg\"\n                                   data-thumbnail=\"https:\/\/broderioghobby.dk\/wp-content\/gallery\/haekling\/thumbs\/thumbs_sweet.jpg\"\n                                   data-image-id=\"393\"\n                                   data-title=\"sweet\"\n                                   data-description=\"\"\n                                   data-image-slug=\"sweet-1\"\n                                    class=\"ngg-fancybox\" rel=\"29c020e1fce429d9041a0cb4e5fa1ba9\">\n                                    <img title=\"sweet\"\n                                         alt=\"sweet\"\n                                         src=\"https:\/\/broderioghobby.dk\/wp-content\/gallery\/haekling\/cache\/sweet.jpg-nggid03393-ngg0dyn-210x160x100-00f0w010c011r110f110r010t010.jpg\"\n                                         width=\"210\"\n                                         height=\"160\"\n                                         style=\"max-width:100%;\"\/>\n                                <\/a>\n                                                                    <span style=\"max-width: 210px\">\n                                                                            <\/span>\n                                                            <\/div>\n                                            <\/div>\n                                                <div id=\"ngg-image-2\" class=\"ngg-gallery-thumbnail-box ngg-3-columns\" >\n                                                    <div class=\"ngg-gallery-thumbnail\">\n                                <a href=\"https:\/\/broderioghobby.dk\/wp-content\/gallery\/haekling\/postkasse.jpeg\"\n                                   title=\"Postkasse sticker\"\n                                   data-src=\"https:\/\/broderioghobby.dk\/wp-content\/gallery\/haekling\/postkasse.jpeg\"\n                                   data-thumbnail=\"https:\/\/broderioghobby.dk\/wp-content\/gallery\/haekling\/thumbs\/thumbs_postkasse.jpeg\"\n                                   data-image-id=\"394\"\n                                   data-title=\"Postkasse sticker\"\n                                   data-description=\"Postkasse sticker\"\n                                   data-image-slug=\"postkasse-1\"\n                                    class=\"ngg-fancybox\" rel=\"29c020e1fce429d9041a0cb4e5fa1ba9\">\n                                    <img title=\"Postkasse sticker\"\n                                         alt=\"Postkasse sticker\"\n                                         src=\"https:\/\/broderioghobby.dk\/wp-content\/gallery\/haekling\/cache\/postkasse.jpeg-nggid03394-ngg0dyn-210x160x100-00f0w010c011r110f110r010t010.jpeg\"\n                                         width=\"210\"\n                                         height=\"160\"\n                                         style=\"max-width:100%;\"\/>\n                                <\/a>\n                                                                    <span style=\"max-width: 210px\">\n                                        Postkasse sticker                                    <\/span>\n                                                            <\/div>\n                                            <\/div>\n                                                <div id=\"ngg-image-3\" class=\"ngg-gallery-thumbnail-box ngg-3-columns\" >\n                                                    <div class=\"ngg-gallery-thumbnail\">\n                                <a href=\"https:\/\/broderioghobby.dk\/wp-content\/gallery\/haekling\/20230521_143442-scaled.jpg\"\n                                   title=\"\"\n                                   data-src=\"https:\/\/broderioghobby.dk\/wp-content\/gallery\/haekling\/20230521_143442-scaled.jpg\"\n                                   data-thumbnail=\"https:\/\/broderioghobby.dk\/wp-content\/gallery\/haekling\/thumbs\/thumbs_20230521_143442-scaled.jpg\"\n                                   data-image-id=\"395\"\n                                   data-title=\"20230521_143442-scaled\"\n                                   data-description=\"\"\n                                   data-image-slug=\"20230521_143442-scaled-1\"\n                                    class=\"ngg-fancybox\" rel=\"29c020e1fce429d9041a0cb4e5fa1ba9\">\n                                    <img title=\"20230521_143442-scaled\"\n                                         alt=\"20230521_143442-scaled\"\n                                         src=\"https:\/\/broderioghobby.dk\/wp-content\/gallery\/haekling\/cache\/20230521_143442-scaled.jpg-nggid03395-ngg0dyn-210x160x100-00f0w010c011r110f110r010t010.jpg\"\n                                         width=\"210\"\n                                         height=\"160\"\n                                         style=\"max-width:100%;\"\/>\n                                <\/a>\n                                                                    <span style=\"max-width: 210px\">\n                                                                            <\/span>\n                                                            <\/div>\n                                            <\/div>\n                                                <div id=\"ngg-image-4\" class=\"ngg-gallery-thumbnail-box ngg-3-columns\" >\n                                                    <div class=\"ngg-gallery-thumbnail\">\n                                <a href=\"https:\/\/broderioghobby.dk\/wp-content\/gallery\/haekling\/20210822_135336-scaled.jpg\"\n                                   title=\"\"\n                                   data-src=\"https:\/\/broderioghobby.dk\/wp-content\/gallery\/haekling\/20210822_135336-scaled.jpg\"\n                                   data-thumbnail=\"https:\/\/broderioghobby.dk\/wp-content\/gallery\/haekling\/thumbs\/thumbs_20210822_135336-scaled.jpg\"\n                                   data-image-id=\"396\"\n                                   data-title=\"20210822_135336-scaled\"\n                                   data-description=\"\"\n                                   data-image-slug=\"20210822_135336-scaled-1\"\n                                    class=\"ngg-fancybox\" rel=\"29c020e1fce429d9041a0cb4e5fa1ba9\">\n                                    <img title=\"20210822_135336-scaled\"\n                                         alt=\"20210822_135336-scaled\"\n                                         src=\"https:\/\/broderioghobby.dk\/wp-content\/gallery\/haekling\/cache\/20210822_135336-scaled.jpg-nggid03396-ngg0dyn-210x160x100-00f0w010c011r110f110r010t010.jpg\"\n                                         width=\"210\"\n                                         height=\"160\"\n                                         style=\"max-width:100%;\"\/>\n                                <\/a>\n                                                                    <span style=\"max-width: 210px\">\n                                                                            <\/span>\n                                                            <\/div>\n                                            <\/div>\n                                                <div id=\"ngg-image-5\" class=\"ngg-gallery-thumbnail-box ngg-3-columns\" >\n                                                    <div class=\"ngg-gallery-thumbnail\">\n                                <a href=\"https:\/\/broderioghobby.dk\/wp-content\/gallery\/haekling\/20230524_195301-scaled.jpg\"\n                                   title=\"\"\n                                   data-src=\"https:\/\/broderioghobby.dk\/wp-content\/gallery\/haekling\/20230524_195301-scaled.jpg\"\n                                   data-thumbnail=\"https:\/\/broderioghobby.dk\/wp-content\/gallery\/haekling\/thumbs\/thumbs_20230524_195301-scaled.jpg\"\n                                   data-image-id=\"397\"\n                                   data-title=\"20230524_195301-scaled\"\n                                   data-description=\"\"\n                                   data-image-slug=\"20230524_195301-scaled-1\"\n                                    class=\"ngg-fancybox\" rel=\"29c020e1fce429d9041a0cb4e5fa1ba9\">\n                                    <img title=\"20230524_195301-scaled\"\n                                         alt=\"20230524_195301-scaled\"\n                                         src=\"https:\/\/broderioghobby.dk\/wp-content\/gallery\/haekling\/cache\/20230524_195301-scaled.jpg-nggid03397-ngg0dyn-210x160x100-00f0w010c011r110f110r010t010.jpg\"\n                                         width=\"210\"\n                                         height=\"160\"\n                                         style=\"max-width:100%;\"\/>\n                                <\/a>\n                                                                    <span style=\"max-width: 210px\">\n                                                                            <\/span>\n                                                            <\/div>\n                                            <\/div>\n                                                <div id=\"ngg-image-6\" class=\"ngg-gallery-thumbnail-box ngg-3-columns\" >\n                                                    <div class=\"ngg-gallery-thumbnail\">\n                                <a href=\"https:\/\/broderioghobby.dk\/wp-content\/gallery\/haekling\/20230521_143415-scaled.jpg\"\n                                   title=\"\"\n                                   data-src=\"https:\/\/broderioghobby.dk\/wp-content\/gallery\/haekling\/20230521_143415-scaled.jpg\"\n                                   data-thumbnail=\"https:\/\/broderioghobby.dk\/wp-content\/gallery\/haekling\/thumbs\/thumbs_20230521_143415-scaled.jpg\"\n                                   data-image-id=\"398\"\n                                   data-title=\"20230521_143415-scaled\"\n                                   data-description=\"\"\n                                   data-image-slug=\"20230521_143415-scaled-1\"\n                                    class=\"ngg-fancybox\" rel=\"29c020e1fce429d9041a0cb4e5fa1ba9\">\n                                    <img title=\"20230521_143415-scaled\"\n                                         alt=\"20230521_143415-scaled\"\n                                         src=\"https:\/\/broderioghobby.dk\/wp-content\/gallery\/haekling\/cache\/20230521_143415-scaled.jpg-nggid03398-ngg0dyn-210x160x100-00f0w010c011r110f110r010t010.jpg\"\n                                         width=\"210\"\n                                         height=\"160\"\n                                         style=\"max-width:100%;\"\/>\n                                <\/a>\n                                                                    <span style=\"max-width: 210px\">\n                                                                            <\/span>\n                                                            <\/div>\n                                            <\/div>\n                                        <\/div>\n\n    \n            <div class='ngg-clear'><\/div>    <\/div>\n\n\n<p>&nbsp;<\/p>\n","protected":false},"excerpt":{"rendered":"<p>Dekorer dine v\u00e6gge med dine egne designs, tekst eller hvad du kunne t\u00e6nke dig. Kan ogs\u00e5 bruges til skilte og postkasser. En streamer til bilen, eller et m\u00e6rke efter eget \u00f8nske. Skriv for \u00f8nske og pris. &nbsp; &nbsp;<\/p>\n","protected":false},"author":1,"featured_media":0,"parent":23,"menu_order":1,"comment_status":"closed","ping_status":"closed","template":"","meta":{"ngg_post_thumbnail":0},"_links":{"self":[{"href":"https:\/\/broderioghobby.dk\/index.php?rest_route=\/wp\/v2\/pages\/59"}],"collection":[{"href":"https:\/\/broderioghobby.dk\/index.php?rest_route=\/wp\/v2\/pages"}],"about":[{"href":"https:\/\/broderioghobby.dk\/index.php?rest_route=\/wp\/v2\/types\/page"}],"author":[{"embeddable":true,"href":"https:\/\/broderioghobby.dk\/index.php?rest_route=\/wp\/v2\/users\/1"}],"replies":[{"embeddable":true,"href":"https:\/\/broderioghobby.dk\/index.php?rest_route=%2Fwp%2Fv2%2Fcomments&post=59"}],"version-history":[{"count":24,"href":"https:\/\/broderioghobby.dk\/index.php?rest_route=\/wp\/v2\/pages\/59\/revisions"}],"predecessor-version":[{"id":2090,"href":"https:\/\/broderioghobby.dk\/index.php?rest_route=\/wp\/v2\/pages\/59\/revisions\/2090"}],"up":[{"embeddable":true,"href":"https:\/\/broderioghobby.dk\/index.php?rest_route=\/wp\/v2\/pages\/23"}],"wp:attachment":[{"href":"https:\/\/broderioghobby.dk\/index.php?rest_route=%2Fwp%2Fv2%2Fmedia&parent=59"}],"curies":[{"name":"wp","href":"https:\/\/api.w.org\/{rel}","templated":true}]}}