{"id":782,"date":"2018-02-24T13:11:14","date_gmt":"2018-02-24T13:11:14","guid":{"rendered":"https:\/\/broderioghobby.dk\/?page_id=782"},"modified":"2023-08-07T19:27:20","modified_gmt":"2023-08-07T19:27:20","slug":"konfirmation","status":"publish","type":"page","link":"https:\/\/broderioghobby.dk\/?page_id=782","title":{"rendered":"Fester"},"content":{"rendered":"<p><span style=\"font-family: 'comic sans ms', sans-serif;\">Skal i have barned\u00e5b, konfirmation, bryllup, rund f\u00f8dselsdag, s\u00f8lvbryllup s\u00e5 skal man da have noget helt unikt.&nbsp;<\/span><\/p>\n<p><span style=\"font-family: 'comic sans ms', sans-serif;\">Vi kan lave med hver g\u00e6sts navn, til bordkort eller det kan bruges som bordpynt.<\/span><\/p>\n<p><span style=\"font-family: 'comic sans ms', sans-serif;\">Skal temaet v\u00e6ret et andet, s\u00e5 skriv og vi finder p\u00e5 noget der lige passer jer \ud83d\ude42<\/span><\/p>\n<p><span style=\"font-family: 'comic sans ms', sans-serif;\">Farve, tekst og motiv tilpasses efter jeres \u00f8nsker. Fra 12 kr. pr. styk<\/span><\/p>\n\n<div class=\"ngg-galleryoverview caption-view  ngg-ajax-pagination-none\"\n\tid=\"ngg-gallery-6bbd763093a8d45527f3c70e2d76d73c-1\">\n\n    <div class=\"ngg-caption-view-wrapper\">\n                                        <div id=\"ngg-image-0\" class=\"ngg-gallery-thumbnail-box ngg-3-columns\" >\n                                                    <div class=\"ngg-gallery-thumbnail\">\n                                <a href=\"https:\/\/broderioghobby.dk\/wp-content\/gallery\/konfirmation\/D%C3%A5b-sutte.jpeg\"\n                                   title=\"Bordkort, 13 kr. valgfri farve og tekst\"\n                                   data-src=\"https:\/\/broderioghobby.dk\/wp-content\/gallery\/konfirmation\/D%C3%A5b-sutte.jpeg\"\n                                   data-thumbnail=\"https:\/\/broderioghobby.dk\/wp-content\/gallery\/konfirmation\/thumbs\/thumbs_D%C3%A5b-sutte.jpeg\"\n                                   data-image-id=\"258\"\n                                   data-title=\"Bordkort, 13 kr. valgfri farve og tekst\"\n                                   data-description=\"Bordkort, 13 kr. valgfri farve og tekst\"\n                                   data-image-slug=\"d%c3%a5b-sutte\"\n                                    class=\"ngg-fancybox\" rel=\"6bbd763093a8d45527f3c70e2d76d73c\">\n                                    <img title=\"Bordkort, 13 kr. valgfri farve og tekst\"\n                                         alt=\"Bordkort, 13 kr. valgfri farve og tekst\"\n                                         src=\"https:\/\/broderioghobby.dk\/wp-content\/gallery\/konfirmation\/cache\/D%C3%A5b-sutte.jpeg-nggid03258-ngg0dyn-210x160x100-00f0w010c011r110f110r010t010.jpeg\"\n                                         width=\"210\"\n                                         height=\"160\"\n                                         style=\"max-width:100%;\"\/>\n                                <\/a>\n                                                                    <span style=\"max-width: 210px\">\n                                        Bordkort, 13 kr. valgfri farve og tekst                                    <\/span>\n                                                            <\/div>\n                                            <\/div>\n                                                <div id=\"ngg-image-1\" class=\"ngg-gallery-thumbnail-box ngg-3-columns\" >\n                                                    <div class=\"ngg-gallery-thumbnail\">\n                                <a href=\"https:\/\/broderioghobby.dk\/wp-content\/gallery\/konfirmation\/D%C3%A5b-hest.jpeg\"\n                                   title=\"Bordkort, 20 kr. valgfri farve og tekst\"\n                                   data-src=\"https:\/\/broderioghobby.dk\/wp-content\/gallery\/konfirmation\/D%C3%A5b-hest.jpeg\"\n                                   data-thumbnail=\"https:\/\/broderioghobby.dk\/wp-content\/gallery\/konfirmation\/thumbs\/thumbs_D%C3%A5b-hest.jpeg\"\n                                   data-image-id=\"257\"\n                                   data-title=\"Bordkort, 20 kr. valgfri farve og tekst\"\n                                   data-description=\"Bordkort, 20 kr. valgfri farve og tekst\"\n                                   data-image-slug=\"d%c3%a5b-hest\"\n                                    class=\"ngg-fancybox\" rel=\"6bbd763093a8d45527f3c70e2d76d73c\">\n                                    <img title=\"Bordkort, 20 kr. valgfri farve og tekst\"\n                                         alt=\"Bordkort, 20 kr. valgfri farve og tekst\"\n                                         src=\"https:\/\/broderioghobby.dk\/wp-content\/gallery\/konfirmation\/cache\/D%C3%A5b-hest.jpeg-nggid03257-ngg0dyn-210x160x100-00f0w010c011r110f110r010t010.jpeg\"\n                                         width=\"210\"\n                                         height=\"160\"\n                                         style=\"max-width:100%;\"\/>\n                                <\/a>\n                                                                    <span style=\"max-width: 210px\">\n                                        Bordkort, 20 kr. valgfri farve og tekst                                    <\/span>\n                                                            <\/div>\n                                            <\/div>\n                                                <div id=\"ngg-image-2\" class=\"ngg-gallery-thumbnail-box ngg-3-columns\" >\n                                                    <div class=\"ngg-gallery-thumbnail\">\n                                <a href=\"https:\/\/broderioghobby.dk\/wp-content\/gallery\/konfirmation\/D%C3%A5b-rangle.jpeg\"\n                                   title=\"Bordkort, 13 kr. valgfri farve og tekst\"\n                                   data-src=\"https:\/\/broderioghobby.dk\/wp-content\/gallery\/konfirmation\/D%C3%A5b-rangle.jpeg\"\n                                   data-thumbnail=\"https:\/\/broderioghobby.dk\/wp-content\/gallery\/konfirmation\/thumbs\/thumbs_D%C3%A5b-rangle.jpeg\"\n                                   data-image-id=\"255\"\n                                   data-title=\"Bordkort, 13 kr. valgfri farve og tekst\"\n                                   data-description=\"Bordkort, 13 kr. valgfri farve og tekst\"\n                                   data-image-slug=\"d%c3%a5b-rangle\"\n                                    class=\"ngg-fancybox\" rel=\"6bbd763093a8d45527f3c70e2d76d73c\">\n                                    <img title=\"Bordkort, 13 kr. valgfri farve og tekst\"\n                                         alt=\"Bordkort, 13 kr. valgfri farve og tekst\"\n                                         src=\"https:\/\/broderioghobby.dk\/wp-content\/gallery\/konfirmation\/cache\/D%C3%A5b-rangle.jpeg-nggid03255-ngg0dyn-210x160x100-00f0w010c011r110f110r010t010.jpeg\"\n                                         width=\"210\"\n                                         height=\"160\"\n                                         style=\"max-width:100%;\"\/>\n                                <\/a>\n                                                                    <span style=\"max-width: 210px\">\n                                        Bordkort, 13 kr. valgfri farve og tekst                                    <\/span>\n                                                            <\/div>\n                                            <\/div>\n                                                <div id=\"ngg-image-3\" class=\"ngg-gallery-thumbnail-box ngg-3-columns\" >\n                                                    <div class=\"ngg-gallery-thumbnail\">\n                                <a href=\"https:\/\/broderioghobby.dk\/wp-content\/gallery\/konfirmation\/D%C3%A5b-flaske.jpeg\"\n                                   title=\"Bordkort, 15 kr. valgfri farve og tekst\"\n                                   data-src=\"https:\/\/broderioghobby.dk\/wp-content\/gallery\/konfirmation\/D%C3%A5b-flaske.jpeg\"\n                                   data-thumbnail=\"https:\/\/broderioghobby.dk\/wp-content\/gallery\/konfirmation\/thumbs\/thumbs_D%C3%A5b-flaske.jpeg\"\n                                   data-image-id=\"256\"\n                                   data-title=\"Bordkort, 15 kr. valgfri farve og tekst\"\n                                   data-description=\"Bordkort, 15 kr. valgfri farve og tekst\"\n                                   data-image-slug=\"d%c3%a5b-flaske\"\n                                    class=\"ngg-fancybox\" rel=\"6bbd763093a8d45527f3c70e2d76d73c\">\n                                    <img title=\"Bordkort, 15 kr. valgfri farve og tekst\"\n                                         alt=\"Bordkort, 15 kr. valgfri farve og tekst\"\n                                         src=\"https:\/\/broderioghobby.dk\/wp-content\/gallery\/konfirmation\/cache\/D%C3%A5b-flaske.jpeg-nggid03256-ngg0dyn-210x160x100-00f0w010c011r110f110r010t010.jpeg\"\n                                         width=\"210\"\n                                         height=\"160\"\n                                         style=\"max-width:100%;\"\/>\n                                <\/a>\n                                                                    <span style=\"max-width: 210px\">\n                                        Bordkort, 15 kr. valgfri farve og tekst                                    <\/span>\n                                                            <\/div>\n                                            <\/div>\n                                                <div id=\"ngg-image-4\" class=\"ngg-gallery-thumbnail-box ngg-3-columns\" >\n                                                    <div class=\"ngg-gallery-thumbnail\">\n                                <a href=\"https:\/\/broderioghobby.dk\/wp-content\/gallery\/konfirmation\/30442601_10156413123989470_5282765355528224768_n.jpg\"\n                                   title=\"Bordkort pris pr styk 15 kr.\"\n                                   data-src=\"https:\/\/broderioghobby.dk\/wp-content\/gallery\/konfirmation\/30442601_10156413123989470_5282765355528224768_n.jpg\"\n                                   data-thumbnail=\"https:\/\/broderioghobby.dk\/wp-content\/gallery\/konfirmation\/thumbs\/thumbs_30442601_10156413123989470_5282765355528224768_n.jpg\"\n                                   data-image-id=\"139\"\n                                   data-title=\"Bordkort pris pr styk 15 kr.\"\n                                   data-description=\"Bordkort pris pr styk 15 kr.\"\n                                   data-image-slug=\"30442601_10156413123989470_5282765355528224768_n\"\n                                    class=\"ngg-fancybox\" rel=\"6bbd763093a8d45527f3c70e2d76d73c\">\n                                    <img title=\"Bordkort pris pr styk 15 kr.\"\n                                         alt=\"Bordkort pris pr styk 15 kr.\"\n                                         src=\"https:\/\/broderioghobby.dk\/wp-content\/gallery\/konfirmation\/cache\/30442601_10156413123989470_5282765355528224768_n.jpg-nggid03139-ngg0dyn-210x160x100-00f0w010c011r110f110r010t010.jpg\"\n                                         width=\"210\"\n                                         height=\"160\"\n                                         style=\"max-width:100%;\"\/>\n                                <\/a>\n                                                                    <span style=\"max-width: 210px\">\n                                        Bordkort pris pr styk 15 kr.                                    <\/span>\n                                                            <\/div>\n                                            <\/div>\n                                                <div id=\"ngg-image-5\" class=\"ngg-gallery-thumbnail-box ngg-3-columns\" >\n                                                    <div class=\"ngg-gallery-thumbnail\">\n                                <a href=\"https:\/\/broderioghobby.dk\/wp-content\/gallery\/konfirmation\/20180311_183305.jpg\"\n                                   title=\"S\u00f8lvbryllup \/ Guldbryllups hjerter 15 kr. pr. styk. 7 cm h\u00f8je\"\n                                   data-src=\"https:\/\/broderioghobby.dk\/wp-content\/gallery\/konfirmation\/20180311_183305.jpg\"\n                                   data-thumbnail=\"https:\/\/broderioghobby.dk\/wp-content\/gallery\/konfirmation\/thumbs\/thumbs_20180311_183305.jpg\"\n                                   data-image-id=\"126\"\n                                   data-title=\"S\u00f8lvbryllup \/ Guldbryllups hjerter 15 kr. pr. styk. 7 cm h\u00f8je\"\n                                   data-description=\"S\u00f8lvbryllup \/ Guldbryllups hjerter 15 kr. pr. styk. 7 cm h\u00f8je\"\n                                   data-image-slug=\"20180311_183305\"\n                                    class=\"ngg-fancybox\" rel=\"6bbd763093a8d45527f3c70e2d76d73c\">\n                                    <img title=\"S\u00f8lvbryllup \/ Guldbryllups hjerter 15 kr. pr. styk. 7 cm h\u00f8je\"\n                                         alt=\"S\u00f8lvbryllup \/ Guldbryllups hjerter 15 kr. pr. styk. 7 cm h\u00f8je\"\n                                         src=\"https:\/\/broderioghobby.dk\/wp-content\/gallery\/konfirmation\/cache\/20180311_183305.jpg-nggid03126-ngg0dyn-210x160x100-00f0w010c011r110f110r010t010.jpg\"\n                                         width=\"210\"\n                                         height=\"160\"\n                                         style=\"max-width:100%;\"\/>\n                                <\/a>\n                                                                    <span style=\"max-width: 210px\">\n                                        S\u00f8lvbryllup \/ Guldbryllups hjerter 15 kr. pr. styk. 7 cm h\u00f8je                                    <\/span>\n                                                            <\/div>\n                                            <\/div>\n                                                <div id=\"ngg-image-6\" class=\"ngg-gallery-thumbnail-box ngg-3-columns\" >\n                                                    <div class=\"ngg-gallery-thumbnail\">\n                                <a href=\"https:\/\/broderioghobby.dk\/wp-content\/gallery\/konfirmation\/DSCN1389.jpg\"\n                                   title=\"Foldbold med broderet: Konfirmation og navn. Ca. 9 cm\"\n                                   data-src=\"https:\/\/broderioghobby.dk\/wp-content\/gallery\/konfirmation\/DSCN1389.jpg\"\n                                   data-thumbnail=\"https:\/\/broderioghobby.dk\/wp-content\/gallery\/konfirmation\/thumbs\/thumbs_DSCN1389.jpg\"\n                                   data-image-id=\"112\"\n                                   data-title=\"Fodbold\"\n                                   data-description=\"Foldbold med broderet: Konfirmation og navn. Ca. 9 cm\"\n                                   data-image-slug=\"dscn1389\"\n                                    class=\"ngg-fancybox\" rel=\"6bbd763093a8d45527f3c70e2d76d73c\">\n                                    <img title=\"Fodbold\"\n                                         alt=\"Fodbold\"\n                                         src=\"https:\/\/broderioghobby.dk\/wp-content\/gallery\/konfirmation\/cache\/DSCN1389.jpg-nggid03112-ngg0dyn-210x160x100-00f0w010c011r110f110r010t010.jpg\"\n                                         width=\"210\"\n                                         height=\"160\"\n                                         style=\"max-width:100%;\"\/>\n                                <\/a>\n                                                                    <span style=\"max-width: 210px\">\n                                        Foldbold med broderet: Konfirmation og navn. Ca. 9 cm                                    <\/span>\n                                                            <\/div>\n                                            <\/div>\n                                                <div id=\"ngg-image-7\" class=\"ngg-gallery-thumbnail-box ngg-3-columns\" >\n                                                    <div class=\"ngg-gallery-thumbnail\">\n                                <a href=\"https:\/\/broderioghobby.dk\/wp-content\/gallery\/konfirmation\/20180225_120817.jpg\"\n                                   title=\"Tennis med broderet: Konfirmation og navn. Ca 7x10 cm\"\n                                   data-src=\"https:\/\/broderioghobby.dk\/wp-content\/gallery\/konfirmation\/20180225_120817.jpg\"\n                                   data-thumbnail=\"https:\/\/broderioghobby.dk\/wp-content\/gallery\/konfirmation\/thumbs\/thumbs_20180225_120817.jpg\"\n                                   data-image-id=\"117\"\n                                   data-title=\"Tennis\"\n                                   data-description=\"Tennis med broderet: Konfirmation og navn. Ca 7x10 cm\"\n                                   data-image-slug=\"20180225_120817\"\n                                    class=\"ngg-fancybox\" rel=\"6bbd763093a8d45527f3c70e2d76d73c\">\n                                    <img title=\"Tennis\"\n                                         alt=\"Tennis\"\n                                         src=\"https:\/\/broderioghobby.dk\/wp-content\/gallery\/konfirmation\/cache\/20180225_120817.jpg-nggid03117-ngg0dyn-210x160x100-00f0w010c011r110f110r010t010.jpg\"\n                                         width=\"210\"\n                                         height=\"160\"\n                                         style=\"max-width:100%;\"\/>\n                                <\/a>\n                                                                    <span style=\"max-width: 210px\">\n                                        Tennis med broderet: Konfirmation og navn. Ca 7x10 cm                                    <\/span>\n                                                            <\/div>\n                                            <\/div>\n                                                <div id=\"ngg-image-8\" class=\"ngg-gallery-thumbnail-box ngg-3-columns\" >\n                                                    <div class=\"ngg-gallery-thumbnail\">\n                                <a href=\"https:\/\/broderioghobby.dk\/wp-content\/gallery\/konfirmation\/20180225_120833.jpg\"\n                                   title=\"Tennis med broderet: Konfirmation og navn. Ca 7x10 cm\"\n                                   data-src=\"https:\/\/broderioghobby.dk\/wp-content\/gallery\/konfirmation\/20180225_120833.jpg\"\n                                   data-thumbnail=\"https:\/\/broderioghobby.dk\/wp-content\/gallery\/konfirmation\/thumbs\/thumbs_20180225_120833.jpg\"\n                                   data-image-id=\"118\"\n                                   data-title=\"Tennis\"\n                                   data-description=\"Tennis med broderet: Konfirmation og navn. Ca 7x10 cm\"\n                                   data-image-slug=\"20180225_120833\"\n                                    class=\"ngg-fancybox\" rel=\"6bbd763093a8d45527f3c70e2d76d73c\">\n                                    <img title=\"Tennis\"\n                                         alt=\"Tennis\"\n                                         src=\"https:\/\/broderioghobby.dk\/wp-content\/gallery\/konfirmation\/cache\/20180225_120833.jpg-nggid03118-ngg0dyn-210x160x100-00f0w010c011r110f110r010t010.jpg\"\n                                         width=\"210\"\n                                         height=\"160\"\n                                         style=\"max-width:100%;\"\/>\n                                <\/a>\n                                                                    <span style=\"max-width: 210px\">\n                                        Tennis med broderet: Konfirmation og navn. Ca 7x10 cm                                    <\/span>\n                                                            <\/div>\n                                            <\/div>\n                                                <div id=\"ngg-image-9\" class=\"ngg-gallery-thumbnail-box ngg-3-columns\" >\n                                                    <div class=\"ngg-gallery-thumbnail\">\n                                <a href=\"https:\/\/broderioghobby.dk\/wp-content\/gallery\/konfirmation\/20180225_120911-e1519557597517.jpg\"\n                                   title=\"Tennis med broderet: Konfirmation og navn. Ca 7x10 cm\"\n                                   data-src=\"https:\/\/broderioghobby.dk\/wp-content\/gallery\/konfirmation\/20180225_120911-e1519557597517.jpg\"\n                                   data-thumbnail=\"https:\/\/broderioghobby.dk\/wp-content\/gallery\/konfirmation\/thumbs\/thumbs_20180225_120911-e1519557597517.jpg\"\n                                   data-image-id=\"119\"\n                                   data-title=\"Tennis\"\n                                   data-description=\"Tennis med broderet: Konfirmation og navn. Ca 7x10 cm\"\n                                   data-image-slug=\"20180225_120911-e1519557597517\"\n                                    class=\"ngg-fancybox\" rel=\"6bbd763093a8d45527f3c70e2d76d73c\">\n                                    <img title=\"Tennis\"\n                                         alt=\"Tennis\"\n                                         src=\"https:\/\/broderioghobby.dk\/wp-content\/gallery\/konfirmation\/cache\/20180225_120911-e1519557597517.jpg-nggid03119-ngg0dyn-210x160x100-00f0w010c011r110f110r010t010.jpg\"\n                                         width=\"210\"\n                                         height=\"160\"\n                                         style=\"max-width:100%;\"\/>\n                                <\/a>\n                                                                    <span style=\"max-width: 210px\">\n                                        Tennis med broderet: Konfirmation og navn. Ca 7x10 cm                                    <\/span>\n                                                            <\/div>\n                                            <\/div>\n                                                <div id=\"ngg-image-10\" class=\"ngg-gallery-thumbnail-box ngg-3-columns\" >\n                                                    <div class=\"ngg-gallery-thumbnail\">\n                                <a href=\"https:\/\/broderioghobby.dk\/wp-content\/gallery\/konfirmation\/bordkort-knytn%C3%A6ve.jpg\"\n                                   title=\"Broderet bordkort-knytn\u00e6ve\"\n                                   data-src=\"https:\/\/broderioghobby.dk\/wp-content\/gallery\/konfirmation\/bordkort-knytn%C3%A6ve.jpg\"\n                                   data-thumbnail=\"https:\/\/broderioghobby.dk\/wp-content\/gallery\/konfirmation\/thumbs\/thumbs_bordkort-knytn%C3%A6ve.jpg\"\n                                   data-image-id=\"298\"\n                                   data-title=\"Broderet bordkort-knytn\u00e6ve\"\n                                   data-description=\"Broderet bordkort-knytn\u00e6ve\"\n                                   data-image-slug=\"bordkort-knytn%c3%a6ve\"\n                                    class=\"ngg-fancybox\" rel=\"6bbd763093a8d45527f3c70e2d76d73c\">\n                                    <img title=\"Broderet bordkort-knytn\u00e6ve\"\n                                         alt=\"Broderet bordkort-knytn\u00e6ve\"\n                                         src=\"https:\/\/broderioghobby.dk\/wp-content\/gallery\/konfirmation\/cache\/bordkort-knytn%C3%A6ve.jpg-nggid03298-ngg0dyn-210x160x100-00f0w010c011r110f110r010t010.jpg\"\n                                         width=\"210\"\n                                         height=\"160\"\n                                         style=\"max-width:100%;\"\/>\n                                <\/a>\n                                                                    <span style=\"max-width: 210px\">\n                                        Broderet bordkort-knytn\u00e6ve                                    <\/span>\n                                                            <\/div>\n                                            <\/div>\n                                        <\/div>\n\n    \n            <div class='ngg-clear'><\/div>    <\/div>\n\n\n","protected":false},"excerpt":{"rendered":"<p>Skal i have barned\u00e5b, konfirmation, bryllup, rund f\u00f8dselsdag, s\u00f8lvbryllup s\u00e5 skal man da have noget helt unikt.&nbsp; Vi kan lave med hver g\u00e6sts navn, til bordkort eller det kan bruges som bordpynt. Skal temaet v\u00e6ret et andet, s\u00e5 skriv og vi finder p\u00e5 noget der lige passer jer \ud83d\ude42 Farve, tekst og motiv tilpasses efter [&hellip;]<\/p>\n","protected":false},"author":1,"featured_media":0,"parent":24,"menu_order":0,"comment_status":"closed","ping_status":"closed","template":"","meta":{"ngg_post_thumbnail":0},"_links":{"self":[{"href":"https:\/\/broderioghobby.dk\/index.php?rest_route=\/wp\/v2\/pages\/782"}],"collection":[{"href":"https:\/\/broderioghobby.dk\/index.php?rest_route=\/wp\/v2\/pages"}],"about":[{"href":"https:\/\/broderioghobby.dk\/index.php?rest_route=\/wp\/v2\/types\/page"}],"author":[{"embeddable":true,"href":"https:\/\/broderioghobby.dk\/index.php?rest_route=\/wp\/v2\/users\/1"}],"replies":[{"embeddable":true,"href":"https:\/\/broderioghobby.dk\/index.php?rest_route=%2Fwp%2Fv2%2Fcomments&post=782"}],"version-history":[{"count":18,"href":"https:\/\/broderioghobby.dk\/index.php?rest_route=\/wp\/v2\/pages\/782\/revisions"}],"predecessor-version":[{"id":2101,"href":"https:\/\/broderioghobby.dk\/index.php?rest_route=\/wp\/v2\/pages\/782\/revisions\/2101"}],"up":[{"embeddable":true,"href":"https:\/\/broderioghobby.dk\/index.php?rest_route=\/wp\/v2\/pages\/24"}],"wp:attachment":[{"href":"https:\/\/broderioghobby.dk\/index.php?rest_route=%2Fwp%2Fv2%2Fmedia&parent=782"}],"curies":[{"name":"wp","href":"https:\/\/api.w.org\/{rel}","templated":true}]}}