{"id":825,"date":"2018-02-24T22:48:17","date_gmt":"2018-02-24T22:48:17","guid":{"rendered":"https:\/\/broderioghobby.dk\/?page_id=825"},"modified":"2023-08-07T19:27:09","modified_gmt":"2023-08-07T19:27:09","slug":"825-2","status":"publish","type":"page","link":"https:\/\/broderioghobby.dk\/?page_id=825","title":{"rendered":"Broderet oph\u00e6ng"},"content":{"rendered":"<p><span style=\"font-family: 'comic sans ms', sans-serif;\">Broderede oph\u00e6ng som kan pynte p\u00e5 troldegren, juletr\u00e6, ligges ved en gave mm.<\/span><\/p>\n<p><span style=\"font-family: 'comic sans ms', sans-serif;\">Priser st\u00e5r under hvert billede.<\/span><\/p>\n\n<div class=\"ngg-galleryoverview caption-view  ngg-ajax-pagination-none\"\n\tid=\"ngg-gallery-f9b9ee5ea53778bc788bf866e53eb3e6-1\">\n\n    <div class=\"ngg-caption-view-wrapper\">\n                                        <div id=\"ngg-image-0\" class=\"ngg-gallery-thumbnail-box ngg-3-columns\" >\n                                                    <div class=\"ngg-gallery-thumbnail\">\n                                <a href=\"https:\/\/broderioghobby.dk\/wp-content\/gallery\/broderet-ophaeng\/20180824_125459-e1535226918464.jpg\"\n                                   title=\"Hjerte opgh\u00e6ng, 10 cm h\u00f8j. 10 kr.\"\n                                   data-src=\"https:\/\/broderioghobby.dk\/wp-content\/gallery\/broderet-ophaeng\/20180824_125459-e1535226918464.jpg\"\n                                   data-thumbnail=\"https:\/\/broderioghobby.dk\/wp-content\/gallery\/broderet-ophaeng\/thumbs\/thumbs_20180824_125459-e1535226918464.jpg\"\n                                   data-image-id=\"200\"\n                                   data-title=\"Hjerte opgh\u00e6ng, 10 cm h\u00f8j. 10 kr.\"\n                                   data-description=\"Hjerte opgh\u00e6ng, 10 cm h\u00f8j. 10 kr.\"\n                                   data-image-slug=\"20180824_125459-e1535226918464\"\n                                    class=\"ngg-fancybox\" rel=\"f9b9ee5ea53778bc788bf866e53eb3e6\">\n                                    <img title=\"Hjerte opgh\u00e6ng, 10 cm h\u00f8j. 10 kr.\"\n                                         alt=\"Hjerte opgh\u00e6ng, 10 cm h\u00f8j. 10 kr.\"\n                                         src=\"https:\/\/broderioghobby.dk\/wp-content\/gallery\/broderet-ophaeng\/cache\/20180824_125459-e1535226918464.jpg-nggid03200-ngg0dyn-210x160x100-00f0w010c011r110f110r010t010.jpg\"\n                                         width=\"210\"\n                                         height=\"160\"\n                                         style=\"max-width:100%;\"\/>\n                                <\/a>\n                                                                    <span style=\"max-width: 210px\">\n                                        Hjerte opgh\u00e6ng, 10 cm h\u00f8j. 10 kr.                                    <\/span>\n                                                            <\/div>\n                                            <\/div>\n                                                <div id=\"ngg-image-1\" class=\"ngg-gallery-thumbnail-box ngg-3-columns\" >\n                                                    <div class=\"ngg-gallery-thumbnail\">\n                                <a href=\"https:\/\/broderioghobby.dk\/wp-content\/gallery\/broderet-ophaeng\/20180721_103958.jpg\"\n                                   title=\"Ensfarvet sommerfugle\"\n                                   data-src=\"https:\/\/broderioghobby.dk\/wp-content\/gallery\/broderet-ophaeng\/20180721_103958.jpg\"\n                                   data-thumbnail=\"https:\/\/broderioghobby.dk\/wp-content\/gallery\/broderet-ophaeng\/thumbs\/thumbs_20180721_103958.jpg\"\n                                   data-image-id=\"188\"\n                                   data-title=\"Ensfarvet sommerfugle\"\n                                   data-description=\"Ensfarvet sommerfugle\"\n                                   data-image-slug=\"20180721_103958\"\n                                    class=\"ngg-fancybox\" rel=\"f9b9ee5ea53778bc788bf866e53eb3e6\">\n                                    <img title=\"Ensfarvet sommerfugle\"\n                                         alt=\"Ensfarvet sommerfugle\"\n                                         src=\"https:\/\/broderioghobby.dk\/wp-content\/gallery\/broderet-ophaeng\/cache\/20180721_103958.jpg-nggid03188-ngg0dyn-210x160x100-00f0w010c011r110f110r010t010.jpg\"\n                                         width=\"210\"\n                                         height=\"160\"\n                                         style=\"max-width:100%;\"\/>\n                                <\/a>\n                                                                    <span style=\"max-width: 210px\">\n                                        Ensfarvet sommerfugle                                    <\/span>\n                                                            <\/div>\n                                            <\/div>\n                                                <div id=\"ngg-image-2\" class=\"ngg-gallery-thumbnail-box ngg-3-columns\" >\n                                                    <div class=\"ngg-gallery-thumbnail\">\n                                <a href=\"https:\/\/broderioghobby.dk\/wp-content\/gallery\/broderet-ophaeng\/20180403_193742.jpg\"\n                                   title=\"Broderede sommerfugle. 10 kr. styk. s\u00e6t en tr\u00e5d i og h\u00e6ng dem op, eller l\u00e6g dem p\u00e5 en gren. S\u00e6t en st\u00e5ltr\u00e5d i og s\u00e6t den i en buket blomster. Farverne kan \u00e6ndres.\"\n                                   data-src=\"https:\/\/broderioghobby.dk\/wp-content\/gallery\/broderet-ophaeng\/20180403_193742.jpg\"\n                                   data-thumbnail=\"https:\/\/broderioghobby.dk\/wp-content\/gallery\/broderet-ophaeng\/thumbs\/thumbs_20180403_193742.jpg\"\n                                   data-image-id=\"137\"\n                                   data-title=\"Broderede sommerfugle. 10 kr. styk. s\u00e6t en tr\u00e5d i og h\u00e6ng dem op, eller l\u00e6g dem p\u00e5 en gren. S\u00e6t en st\u00e5ltr\u00e5d i og s\u00e6t den i en buket blomster. Farverne kan \u00e6ndres.\"\n                                   data-description=\"Broderede sommerfugle. 10 kr. styk. s\u00e6t en tr\u00e5d i og h\u00e6ng dem op, eller l\u00e6g dem p\u00e5 en gren. S\u00e6t en st\u00e5ltr\u00e5d i og s\u00e6t den i en buket blomster. Farverne kan \u00e6ndres.\"\n                                   data-image-slug=\"20180403_193742\"\n                                    class=\"ngg-fancybox\" rel=\"f9b9ee5ea53778bc788bf866e53eb3e6\">\n                                    <img title=\"Broderede sommerfugle. 10 kr. styk. s\u00e6t en tr\u00e5d i og h\u00e6ng dem op, eller l\u00e6g dem p\u00e5 en gren. S\u00e6t en st\u00e5ltr\u00e5d i og s\u00e6t den i en buket blomster. Farverne kan \u00e6ndres.\"\n                                         alt=\"Broderede sommerfugle. 10 kr. styk. s\u00e6t en tr\u00e5d i og h\u00e6ng dem op, eller l\u00e6g dem p\u00e5 en gren. S\u00e6t en st\u00e5ltr\u00e5d i og s\u00e6t den i en buket blomster. Farverne kan \u00e6ndres.\"\n                                         src=\"https:\/\/broderioghobby.dk\/wp-content\/gallery\/broderet-ophaeng\/cache\/20180403_193742.jpg-nggid03137-ngg0dyn-210x160x100-00f0w010c011r110f110r010t010.jpg\"\n                                         width=\"210\"\n                                         height=\"160\"\n                                         style=\"max-width:100%;\"\/>\n                                <\/a>\n                                                                    <span style=\"max-width: 210px\">\n                                        Broderede sommerfugle. 10 kr. styk. s\u00e6t en tr\u00e5d i og h\u00e6ng dem op, eller l\u00e6g dem p\u00e5 en gren. S\u00e6t en st\u00e5ltr\u00e5d i og s\u00e6t den i en buket blomster. Farverne kan \u00e6ndres.                                    <\/span>\n                                                            <\/div>\n                                            <\/div>\n                                                <div id=\"ngg-image-3\" class=\"ngg-gallery-thumbnail-box ngg-3-columns\" >\n                                                    <div class=\"ngg-gallery-thumbnail\">\n                                <a href=\"https:\/\/broderioghobby.dk\/wp-content\/gallery\/broderet-ophaeng\/20180302_160253.jpg\"\n                                   title=\"Broderede blomster, 10 kr. pr styk\"\n                                   data-src=\"https:\/\/broderioghobby.dk\/wp-content\/gallery\/broderet-ophaeng\/20180302_160253.jpg\"\n                                   data-thumbnail=\"https:\/\/broderioghobby.dk\/wp-content\/gallery\/broderet-ophaeng\/thumbs\/thumbs_20180302_160253.jpg\"\n                                   data-image-id=\"124\"\n                                   data-title=\"Blomster\"\n                                   data-description=\"Broderede blomster, 10 kr. pr styk\"\n                                   data-image-slug=\"20180302_160253\"\n                                    class=\"ngg-fancybox\" rel=\"f9b9ee5ea53778bc788bf866e53eb3e6\">\n                                    <img title=\"Blomster\"\n                                         alt=\"Blomster\"\n                                         src=\"https:\/\/broderioghobby.dk\/wp-content\/gallery\/broderet-ophaeng\/cache\/20180302_160253.jpg-nggid03124-ngg0dyn-210x160x100-00f0w010c011r110f110r010t010.jpg\"\n                                         width=\"210\"\n                                         height=\"160\"\n                                         style=\"max-width:100%;\"\/>\n                                <\/a>\n                                                                    <span style=\"max-width: 210px\">\n                                        Broderede blomster, 10 kr. pr styk                                    <\/span>\n                                                            <\/div>\n                                            <\/div>\n                                                <div id=\"ngg-image-4\" class=\"ngg-gallery-thumbnail-box ngg-3-columns\" >\n                                                    <div class=\"ngg-gallery-thumbnail\">\n                                <a href=\"https:\/\/broderioghobby.dk\/wp-content\/gallery\/broderet-ophaeng\/20180224_201123-e1519512194689.jpg\"\n                                   title=\"Broderet baby oph\u00e6ng. M\u00e5ler ca. 7x10 cm. Farven kan \u00e6ndres efter \u00f8nske. 10 kr. pr styk.\"\n                                   data-src=\"https:\/\/broderioghobby.dk\/wp-content\/gallery\/broderet-ophaeng\/20180224_201123-e1519512194689.jpg\"\n                                   data-thumbnail=\"https:\/\/broderioghobby.dk\/wp-content\/gallery\/broderet-ophaeng\/thumbs\/thumbs_20180224_201123-e1519512194689.jpg\"\n                                   data-image-id=\"115\"\n                                   data-title=\"Broderet baby oph\u00e6ng. M\u00e5ler ca. 7x10 cm.\"\n                                   data-description=\"Broderet baby oph\u00e6ng. M\u00e5ler ca. 7x10 cm. Farven kan \u00e6ndres efter \u00f8nske. 10 kr. pr styk.\"\n                                   data-image-slug=\"20180224_201123-e1519512194689\"\n                                    class=\"ngg-fancybox\" rel=\"f9b9ee5ea53778bc788bf866e53eb3e6\">\n                                    <img title=\"Broderet baby oph\u00e6ng. M\u00e5ler ca. 7x10 cm.\"\n                                         alt=\"Broderet baby oph\u00e6ng. M\u00e5ler ca. 7x10 cm.\"\n                                         src=\"https:\/\/broderioghobby.dk\/wp-content\/gallery\/broderet-ophaeng\/cache\/20180224_201123-e1519512194689.jpg-nggid03115-ngg0dyn-210x160x100-00f0w010c011r110f110r010t010.jpg\"\n                                         width=\"210\"\n                                         height=\"160\"\n                                         style=\"max-width:100%;\"\/>\n                                <\/a>\n                                                                    <span style=\"max-width: 210px\">\n                                        Broderet baby oph\u00e6ng. M\u00e5ler ca. 7x10 cm. Farven kan \u00e6ndres efter \u00f8nske. 10 kr. pr styk.                                    <\/span>\n                                                            <\/div>\n                                            <\/div>\n                                                <div id=\"ngg-image-5\" class=\"ngg-gallery-thumbnail-box ngg-3-columns\" >\n                                                    <div class=\"ngg-gallery-thumbnail\">\n                                <a href=\"https:\/\/broderioghobby.dk\/wp-content\/gallery\/broderet-ophaeng\/20180224_201028-e1519512167293.jpg\"\n                                   title=\"Broderet baby oph\u00e6ng. M\u00e5ler ca. 7x10 cm. Farven kan \u00e6ndres efter \u00f8nske. 10 kr. pr styk.\"\n                                   data-src=\"https:\/\/broderioghobby.dk\/wp-content\/gallery\/broderet-ophaeng\/20180224_201028-e1519512167293.jpg\"\n                                   data-thumbnail=\"https:\/\/broderioghobby.dk\/wp-content\/gallery\/broderet-ophaeng\/thumbs\/thumbs_20180224_201028-e1519512167293.jpg\"\n                                   data-image-id=\"116\"\n                                   data-title=\"Broderet baby oph\u00e6ng. M\u00e5ler ca. 7x10 cm.\"\n                                   data-description=\"Broderet baby oph\u00e6ng. M\u00e5ler ca. 7x10 cm. Farven kan \u00e6ndres efter \u00f8nske. 10 kr. pr styk.\"\n                                   data-image-slug=\"20180224_201028-e1519512167293\"\n                                    class=\"ngg-fancybox\" rel=\"f9b9ee5ea53778bc788bf866e53eb3e6\">\n                                    <img title=\"Broderet baby oph\u00e6ng. M\u00e5ler ca. 7x10 cm.\"\n                                         alt=\"Broderet baby oph\u00e6ng. M\u00e5ler ca. 7x10 cm.\"\n                                         src=\"https:\/\/broderioghobby.dk\/wp-content\/gallery\/broderet-ophaeng\/cache\/20180224_201028-e1519512167293.jpg-nggid03116-ngg0dyn-210x160x100-00f0w010c011r110f110r010t010.jpg\"\n                                         width=\"210\"\n                                         height=\"160\"\n                                         style=\"max-width:100%;\"\/>\n                                <\/a>\n                                                                    <span style=\"max-width: 210px\">\n                                        Broderet baby oph\u00e6ng. M\u00e5ler ca. 7x10 cm. Farven kan \u00e6ndres efter \u00f8nske. 10 kr. pr styk.                                    <\/span>\n                                                            <\/div>\n                                            <\/div>\n                                                <div id=\"ngg-image-6\" class=\"ngg-gallery-thumbnail-box ngg-3-columns\" >\n                                                    <div class=\"ngg-gallery-thumbnail\">\n                                <a href=\"https:\/\/broderioghobby.dk\/wp-content\/gallery\/broderet-ophaeng\/Kors-e1586034814215.jpg\"\n                                   title=\"Kors ca. 10 cm h\u00f8je, 9 kr.\"\n                                   data-src=\"https:\/\/broderioghobby.dk\/wp-content\/gallery\/broderet-ophaeng\/Kors-e1586034814215.jpg\"\n                                   data-thumbnail=\"https:\/\/broderioghobby.dk\/wp-content\/gallery\/broderet-ophaeng\/thumbs\/thumbs_Kors-e1586034814215.jpg\"\n                                   data-image-id=\"307\"\n                                   data-title=\"Kors ca. 10 cm h\u00f8je, 9 kr.\"\n                                   data-description=\"Kors ca. 10 cm h\u00f8je, 9 kr.\"\n                                   data-image-slug=\"kors-e1586034814215\"\n                                    class=\"ngg-fancybox\" rel=\"f9b9ee5ea53778bc788bf866e53eb3e6\">\n                                    <img title=\"Kors ca. 10 cm h\u00f8je, 9 kr.\"\n                                         alt=\"Kors ca. 10 cm h\u00f8je, 9 kr.\"\n                                         src=\"https:\/\/broderioghobby.dk\/wp-content\/gallery\/broderet-ophaeng\/cache\/Kors-e1586034814215.jpg-nggid03307-ngg0dyn-210x160x100-00f0w010c011r110f110r010t010.jpg\"\n                                         width=\"210\"\n                                         height=\"160\"\n                                         style=\"max-width:100%;\"\/>\n                                <\/a>\n                                                                    <span style=\"max-width: 210px\">\n                                        Kors ca. 10 cm h\u00f8je, 9 kr.                                    <\/span>\n                                                            <\/div>\n                                            <\/div>\n                                                <div id=\"ngg-image-7\" class=\"ngg-gallery-thumbnail-box ngg-3-columns\" >\n                                                    <div class=\"ngg-gallery-thumbnail\">\n                                <a href=\"https:\/\/broderioghobby.dk\/wp-content\/gallery\/broderet-ophaeng\/Ugler.jpg\"\n                                   title=\"Ugler. 10 kr pr styk, kan laves i de farver der \u00f8nskes \r\nca 6-7 cm h\u00f8je\"\n                                   data-src=\"https:\/\/broderioghobby.dk\/wp-content\/gallery\/broderet-ophaeng\/Ugler.jpg\"\n                                   data-thumbnail=\"https:\/\/broderioghobby.dk\/wp-content\/gallery\/broderet-ophaeng\/thumbs\/thumbs_Ugler.jpg\"\n                                   data-image-id=\"308\"\n                                   data-title=\"Ugler. 10 kr pr styk, kan laves i de farver der \u00f8nskes ca 6-7 cm h\u00f8je\"\n                                   data-description=\"Ugler. 10 kr pr styk, kan laves i de farver der \u00f8nskes \r\nca 6-7 cm h\u00f8je\"\n                                   data-image-slug=\"ugler\"\n                                    class=\"ngg-fancybox\" rel=\"f9b9ee5ea53778bc788bf866e53eb3e6\">\n                                    <img title=\"Ugler. 10 kr pr styk, kan laves i de farver der \u00f8nskes ca 6-7 cm h\u00f8je\"\n                                         alt=\"Ugler. 10 kr pr styk, kan laves i de farver der \u00f8nskes ca 6-7 cm h\u00f8je\"\n                                         src=\"https:\/\/broderioghobby.dk\/wp-content\/gallery\/broderet-ophaeng\/cache\/Ugler.jpg-nggid03308-ngg0dyn-210x160x100-00f0w010c011r110f110r010t010.jpg\"\n                                         width=\"210\"\n                                         height=\"160\"\n                                         style=\"max-width:100%;\"\/>\n                                <\/a>\n                                                                    <span style=\"max-width: 210px\">\n                                        Ugler. 10 kr pr styk, kan laves i de farver der \u00f8nskes \r\nca 6-7 cm h\u00f8je                                    <\/span>\n                                                            <\/div>\n                                            <\/div>\n                                                <div id=\"ngg-image-8\" class=\"ngg-gallery-thumbnail-box ngg-3-columns\" >\n                                                    <div class=\"ngg-gallery-thumbnail\">\n                                <a href=\"https:\/\/broderioghobby.dk\/wp-content\/gallery\/broderet-ophaeng\/Sm%C3%A5-blomster1.jpg\"\n                                   title=\"Sm\u00e5 blomster 10 styk 75 kr (h\u00f8jden er mellem 4 cm til 6 cm)\"\n                                   data-src=\"https:\/\/broderioghobby.dk\/wp-content\/gallery\/broderet-ophaeng\/Sm%C3%A5-blomster1.jpg\"\n                                   data-thumbnail=\"https:\/\/broderioghobby.dk\/wp-content\/gallery\/broderet-ophaeng\/thumbs\/thumbs_Sm%C3%A5-blomster1.jpg\"\n                                   data-image-id=\"309\"\n                                   data-title=\"Sm\u00e5 blomster 10 styk 75 kr (h\u00f8jden er mellem 4 cm til 6 cm)\"\n                                   data-description=\"Sm\u00e5 blomster 10 styk 75 kr (h\u00f8jden er mellem 4 cm til 6 cm)\"\n                                   data-image-slug=\"sm%c3%a5-blomster1\"\n                                    class=\"ngg-fancybox\" rel=\"f9b9ee5ea53778bc788bf866e53eb3e6\">\n                                    <img title=\"Sm\u00e5 blomster 10 styk 75 kr (h\u00f8jden er mellem 4 cm til 6 cm)\"\n                                         alt=\"Sm\u00e5 blomster 10 styk 75 kr (h\u00f8jden er mellem 4 cm til 6 cm)\"\n                                         src=\"https:\/\/broderioghobby.dk\/wp-content\/gallery\/broderet-ophaeng\/cache\/Sm%C3%A5-blomster1.jpg-nggid03309-ngg0dyn-210x160x100-00f0w010c011r110f110r010t010.jpg\"\n                                         width=\"210\"\n                                         height=\"160\"\n                                         style=\"max-width:100%;\"\/>\n                                <\/a>\n                                                                    <span style=\"max-width: 210px\">\n                                        Sm\u00e5 blomster 10 styk 75 kr (h\u00f8jden er mellem 4 cm til 6 cm)                                    <\/span>\n                                                            <\/div>\n                                            <\/div>\n                                                <div id=\"ngg-image-9\" class=\"ngg-gallery-thumbnail-box ngg-3-columns\" >\n                                                    <div class=\"ngg-gallery-thumbnail\">\n                                <a href=\"https:\/\/broderioghobby.dk\/wp-content\/gallery\/broderet-ophaeng\/Sm%C3%A5-blomster.jpg\"\n                                   title=\"Sm\u00e5 blomster 10 styk 50 kr (h\u00f8jden er mellem 2,8 cm til 6 cm)\"\n                                   data-src=\"https:\/\/broderioghobby.dk\/wp-content\/gallery\/broderet-ophaeng\/Sm%C3%A5-blomster.jpg\"\n                                   data-thumbnail=\"https:\/\/broderioghobby.dk\/wp-content\/gallery\/broderet-ophaeng\/thumbs\/thumbs_Sm%C3%A5-blomster.jpg\"\n                                   data-image-id=\"310\"\n                                   data-title=\"Sm\u00e5 blomster 10 styk 50 kr (h\u00f8jden er mellem 2,8 cm til 6 cm)\"\n                                   data-description=\"Sm\u00e5 blomster 10 styk 50 kr (h\u00f8jden er mellem 2,8 cm til 6 cm)\"\n                                   data-image-slug=\"sm%c3%a5-blomster\"\n                                    class=\"ngg-fancybox\" rel=\"f9b9ee5ea53778bc788bf866e53eb3e6\">\n                                    <img title=\"Sm\u00e5 blomster 10 styk 50 kr (h\u00f8jden er mellem 2,8 cm til 6 cm)\"\n                                         alt=\"Sm\u00e5 blomster 10 styk 50 kr (h\u00f8jden er mellem 2,8 cm til 6 cm)\"\n                                         src=\"https:\/\/broderioghobby.dk\/wp-content\/gallery\/broderet-ophaeng\/cache\/Sm%C3%A5-blomster.jpg-nggid03310-ngg0dyn-210x160x100-00f0w010c011r110f110r010t010.jpg\"\n                                         width=\"210\"\n                                         height=\"160\"\n                                         style=\"max-width:100%;\"\/>\n                                <\/a>\n                                                                    <span style=\"max-width: 210px\">\n                                        Sm\u00e5 blomster 10 styk 50 kr (h\u00f8jden er mellem 2,8 cm til 6 cm)                                    <\/span>\n                                                            <\/div>\n                                            <\/div>\n                                        <\/div>\n\n    \n            <div class='ngg-clear'><\/div>    <\/div>\n\n\n","protected":false},"excerpt":{"rendered":"<p>Broderede oph\u00e6ng som kan pynte p\u00e5 troldegren, juletr\u00e6, ligges ved en gave mm. Priser st\u00e5r under hvert billede.<\/p>\n","protected":false},"author":1,"featured_media":0,"parent":24,"menu_order":0,"comment_status":"closed","ping_status":"closed","template":"","meta":{"ngg_post_thumbnail":0},"_links":{"self":[{"href":"https:\/\/broderioghobby.dk\/index.php?rest_route=\/wp\/v2\/pages\/825"}],"collection":[{"href":"https:\/\/broderioghobby.dk\/index.php?rest_route=\/wp\/v2\/pages"}],"about":[{"href":"https:\/\/broderioghobby.dk\/index.php?rest_route=\/wp\/v2\/types\/page"}],"author":[{"embeddable":true,"href":"https:\/\/broderioghobby.dk\/index.php?rest_route=\/wp\/v2\/users\/1"}],"replies":[{"embeddable":true,"href":"https:\/\/broderioghobby.dk\/index.php?rest_route=%2Fwp%2Fv2%2Fcomments&post=825"}],"version-history":[{"count":12,"href":"https:\/\/broderioghobby.dk\/index.php?rest_route=\/wp\/v2\/pages\/825\/revisions"}],"predecessor-version":[{"id":2019,"href":"https:\/\/broderioghobby.dk\/index.php?rest_route=\/wp\/v2\/pages\/825\/revisions\/2019"}],"up":[{"embeddable":true,"href":"https:\/\/broderioghobby.dk\/index.php?rest_route=\/wp\/v2\/pages\/24"}],"wp:attachment":[{"href":"https:\/\/broderioghobby.dk\/index.php?rest_route=%2Fwp%2Fv2%2Fmedia&parent=825"}],"curies":[{"name":"wp","href":"https:\/\/api.w.org\/{rel}","templated":true}]}}